{"id":67395,"date":"2025-07-15T16:02:20","date_gmt":"2025-07-15T14:02:20","guid":{"rendered":"http:\/\/beta.bgm-mannheim.de\/?page_id=67395"},"modified":"2025-08-26T18:01:23","modified_gmt":"2025-08-26T16:01:23","slug":"impressum","status":"publish","type":"page","link":"https:\/\/bgm-mannheim.de\/?page_id=67395","title":{"rendered":"IMPRESSUM"},"content":{"rendered":"\t\t<div data-elementor-type=\"wp-page\" data-elementor-id=\"67395\" class=\"elementor elementor-67395\">\n\t\t\t\t<div class=\"elementor-element elementor-element-f35d97a e-flex e-con-boxed text-reveal-no e-con e-parent\" data-id=\"f35d97a\" data-element_type=\"container\">\n\t\t\t\t\t<div class=\"e-con-inner\">\n\t\t\t\t<div class=\"elementor-element elementor-element-75b64e2 elementor-widget elementor-widget-image\" data-id=\"75b64e2\" data-element_type=\"widget\" data-widget_type=\"image.default\">\n\t\t\t\t<div class=\"elementor-widget-container\">\n\t\t\t\t\t\t\t\t\t\t\t\t\t\t\t<img fetchpriority=\"high\" decoding=\"async\" width=\"901\" height=\"626\" src=\"https:\/\/bgm-mannheim.de\/wp-content\/uploads\/2025\/07\/impressum-titel.webp\" class=\"attachment-large size-large wp-image-67407\" alt=\"\" srcset=\"https:\/\/bgm-mannheim.de\/wp-content\/uploads\/2025\/07\/impressum-titel.webp 901w, https:\/\/bgm-mannheim.de\/wp-content\/uploads\/2025\/07\/impressum-titel-768x534.jpg 768w\" sizes=\"(max-width: 901px) 100vw, 901px\" \/>\t\t\t\t\t\t\t\t\t\t\t\t\t\t\t<\/div>\n\t\t\t\t<\/div>\n\t\t\t\t\t<\/div>\n\t\t\t\t<\/div>\n\t\t<div class=\"elementor-element elementor-element-4853e77 e-flex e-con-boxed text-reveal-no e-con e-parent\" data-id=\"4853e77\" data-element_type=\"container\">\n\t\t\t\t\t<div class=\"e-con-inner\">\n\t\t\t\t<div class=\"elementor-element elementor-element-fc66997 elementor-widget elementor-widget-text-editor\" data-id=\"fc66997\" data-element_type=\"widget\" data-widget_type=\"text-editor.default\">\n\t\t\t\t<div class=\"elementor-widget-container\">\n\t\t\t\t\t\t\t\t\t<div class=\"row 200%\"><div id=\"content\" class=\"8u 12u(mobile)\"><article id=\"main\"><p><strong>Herausgeber und verantwortlich f\u00fcr den Inhalt<\/strong><\/p><p>Blumengro\u00dfmarkt <abbr title=\"eingetragene Genossenschaft\">e.G.<\/abbr> Mannheim<br \/>Gottlieb-Daimler-Str. 14<br \/>68165 Mannheim<\/p><p>Tel.: <a href=\"tel:0621436100\">0621 436100<\/a><br \/>Fax: 0621 4361020<br \/>E-Mail: biller@bgm-mannheim.de<\/p><p>Umsatzsteuer-ID: DE 143844972<\/p><p><strong>Vorstandsvorsitzender<\/strong><br \/>Dennis Reitz<\/p><p><strong>Stellvertretender Vorsitzender<\/strong><br \/>S\u00f6ren Offenloch<\/p><p><strong>Gesch\u00e4ftsf\u00fchrendes Vorstandsmitglied<\/strong><br \/>Hans-Georg Biller<\/p><p>Dem <strong>Aufsichtsrat<\/strong> geh\u00f6ren aktuell folgende Mitglieder an:<\/p><p><strong>Aufsichtsratsvorsitzender<\/strong><br \/>Harald Waibel<\/p><p><strong>Stellvertretender Aufsichtsratsvorsitzender<\/strong><br \/>Tobias Schehlmann<\/p><p><strong>Aufsichtsr\u00e4te<\/strong><br \/>J\u00fcrgen Gerlach<br \/>Burkhard Beier<br \/>Frank L\u00fcll<br \/>Peter Schwahn<\/p><p>Pr\u00fcfungsverband: Baden-W\u00fcrttembergischer Genossenschaftsverband e.V., Sitz: Karlsruhe.<\/p><p>Sitz der Genossenschaft: Mannheim<\/p><p>Eintragung: Amtsgericht Mannheim <abbr title=\"Nummer\">Nr.<\/abbr> 38<\/p><p>Verantwortlicher i.S.d. \u00a7 18 Abs. 2 MStV ist Hans-Georg Biller, c\/o Blumengro\u00dfmarkt eG Mannheim, Gottlieb-Daimler-Str. 14 68165 Mannheim<\/p><p>Die Blumengro\u00dfmarkt e.G. Mannheim \u00fcbernimmt keine Garantie f\u00fcr die Richtigkeit und Vollst\u00e4ndigkeit aller hier ver\u00f6ffentlichten Angaben.<\/p><section><header><h3>Hinweis:<\/h3><\/header><p>Durch die Digitalisierung von Daten k\u00f6nnen Fehler auftreten. Beim Einsatz unterschiedlicher Internet-Browser und aufgrund unterschiedlicher Software-Einstellungen kann es bei der Darstellung der Informationen zu Abweichungen kommen.<\/p><\/section><section><header><h3>Haftungsausschluss<\/h3><\/header><p>Die durch diesen <abbr title=\"World Wide Web\">WWW<\/abbr>-Server bereitgestellten Informationen wurden mit gr\u00f6\u00dfter Sorgfalt erarbeitet. Dennoch k\u00f6nnen Fehler nicht v\u00f6llig ausgeschlossen werden. Es wird deshalb weder eine juristische Verantwortung noch irgendeine Garantie f\u00fcr die Informationen und Abbildungen, weder ausdr\u00fccklich noch unausgesprochen, in Bezug auf ihre Qualit\u00e4t, Durchf\u00fchrbarkeit oder Verwendbarkeit f\u00fcr einen bestimmten Zweck \u00fcbernommen. In keinem Fall ist die Blumengro\u00dfmarkt e.G. Mannheim f\u00fcr direkte oder indirekte Sch\u00e4den sowie Folgesch\u00e4den haftbar, die aus der Anwendung der Informationen resultieren.<\/p><p>Wir weisen ausdr\u00fccklich darauf hin, dass wir gem\u00e4\u00df \u00a7 5, <abbr title=\"Absatz\">Abs.<\/abbr> 3 <abbr title=\"Teledienstegesetz\">TDG<\/abbr> f\u00fcr fremde Inhalte, zu denen wir lediglich den Zugang zur Nutzung vermitteln, nicht verantwortlich sind. (Eine automatische und kurzzeitige Vorhaltung fremder Inhalte auf Grund einer Nutzerabfrage gilt als Zugangsvermittlung.)<\/p><p>Sollten Sie Fehler oder problematische Inhalte festgestellt haben, wird diesem Sachverhalt nach einer Benachrichtigung per E-Mail so schnell wie m\u00f6glich nachgegangen!<\/p><\/section><section><header><h3>Copyright<\/h3><\/header><p>Alle Dokumente und Abbildungen, die durch diesen WWW-Server bereitgestellt werden, sind durch entsprechende Gesetze zum Schutz des Copyrights in verschiedenen L\u00e4ndern gesch\u00fctzt. Die Reproduktion &#8211; au\u00dfer f\u00fcr den pers\u00f6nlichen Gebrauch &#8211; erfordert eine vorherige schriftliche Genehmigung der Blumengro\u00dfmarkt e.G. Mannheim.<\/p><\/section><section><header><h4>Warenzeichen etc.<\/h4><\/header><p>Bezeichnungen genannter Erzeugnisse, die zugleich eingetragene Warenzeichen sind, wurden nicht besonders kenntlich gemacht. Es kann also aus dem Fehlen einer entsprechenden Markierung nicht geschlossen werden, dass die Bezeichnung ein freier Warenname ist. Alle aufgef\u00fchrten Warenzeichen sind Eigentum ihrer Eigner. Hierdurch werden keine Rechte Dritter beeintr\u00e4chtigt.<\/p><\/section><\/article><\/div><\/div>\t\t\t\t\t\t\t\t<\/div>\n\t\t\t\t<\/div>\n\t\t\t\t\t<\/div>\n\t\t\t\t<\/div>\n\t\t\t\t<\/div>\n\t\t","protected":false},"excerpt":{"rendered":"<p>Herausgeber und verantwortlich f\u00fcr den Inhalt Blumengro\u00dfmarkt e.G. MannheimGottlieb-Daimler-Str. 1468165 Mannheim Tel.: 0621 436100Fax: 0621 4361020E-Mail: biller@bgm-mannheim.de Umsatzsteuer-ID: DE 143844972 VorstandsvorsitzenderDennis Reitz Stellvertretender VorsitzenderS\u00f6ren Offenloch Gesch\u00e4ftsf\u00fchrendes VorstandsmitgliedHans-Georg Biller Dem..<\/p>\n","protected":false},"author":1,"featured_media":0,"parent":0,"menu_order":0,"comment_status":"closed","ping_status":"closed","template":"","meta":{"footnotes":""},"class_list":["post-67395","page","type-page","status-publish","hentry"],"_links":{"self":[{"href":"https:\/\/bgm-mannheim.de\/index.php?rest_route=\/wp\/v2\/pages\/67395","targetHints":{"allow":["GET"]}}],"collection":[{"href":"https:\/\/bgm-mannheim.de\/index.php?rest_route=\/wp\/v2\/pages"}],"about":[{"href":"https:\/\/bgm-mannheim.de\/index.php?rest_route=\/wp\/v2\/types\/page"}],"author":[{"embeddable":true,"href":"https:\/\/bgm-mannheim.de\/index.php?rest_route=\/wp\/v2\/users\/1"}],"replies":[{"embeddable":true,"href":"https:\/\/bgm-mannheim.de\/index.php?rest_route=%2Fwp%2Fv2%2Fcomments&post=67395"}],"version-history":[{"count":10,"href":"https:\/\/bgm-mannheim.de\/index.php?rest_route=\/wp\/v2\/pages\/67395\/revisions"}],"predecessor-version":[{"id":67607,"href":"https:\/\/bgm-mannheim.de\/index.php?rest_route=\/wp\/v2\/pages\/67395\/revisions\/67607"}],"wp:attachment":[{"href":"https:\/\/bgm-mannheim.de\/index.php?rest_route=%2Fwp%2Fv2%2Fmedia&parent=67395"}],"curies":[{"name":"wp","href":"https:\/\/api.w.org\/{rel}","templated":true}]}}