{"id":67442,"date":"2025-07-17T10:45:53","date_gmt":"2025-07-17T08:45:53","guid":{"rendered":"http:\/\/beta.bgm-mannheim.de\/?page_id=67442"},"modified":"2025-08-26T18:00:25","modified_gmt":"2025-08-26T16:00:25","slug":"ansprechpartner","status":"publish","type":"page","link":"https:\/\/bgm-mannheim.de\/?page_id=67442","title":{"rendered":"ANSPRECHPARTNER"},"content":{"rendered":"\t\t<div data-elementor-type=\"wp-page\" data-elementor-id=\"67442\" class=\"elementor elementor-67442\">\n\t\t\t\t\t\t<section class=\"elementor-section elementor-top-section elementor-element elementor-element-63e92cf1 elementor-section-stretched elementor-section-boxed elementor-section-height-default elementor-section-height-default text-reveal-no\" data-id=\"63e92cf1\" data-element_type=\"section\" data-settings=\"{&quot;background_background&quot;:&quot;classic&quot;,&quot;stretch_section&quot;:&quot;section-stretched&quot;}\">\n\t\t\t\t\t\t<div class=\"elementor-container elementor-column-gap-default\">\n\t\t\t\t\t<div class=\"elementor-column elementor-col-50 elementor-top-column elementor-element elementor-element-26e81d5c\" data-id=\"26e81d5c\" data-element_type=\"column\" data-settings=\"{&quot;background_background&quot;:&quot;classic&quot;}\">\n\t\t\t<div class=\"elementor-widget-wrap elementor-element-populated\">\n\t\t\t\t\t\t<div class=\"elementor-element elementor-element-83e192 cea-align-left elementor-widget__width-initial cea-mobile-align-left elementor-widget elementor-widget-ceasectiontitle\" data-id=\"83e192\" data-element_type=\"widget\" data-widget_type=\"ceasectiontitle.default\">\n\t\t\t\t<div class=\"elementor-widget-container\">\n\t\t\t\t\t<div class=\"section-title-wrapper\"><div class=\"title-wrap\"><h6 class=\"sub-title\"><span class=\"subtitle-dots \" >Ansprechpartner<\/span><\/h6><h2 class=\"section-title none\" data-animation=\"none\">Wir sind f\u00fcr  <span class=\"title-suffix\">Sie da<\/span><\/h2><\/div><!-- .title-wrap --><div class=\"section-description\"><\/div><!-- .section-description --><\/div><!-- .section-title-wrapper -->\t\t\t\t<\/div>\n\t\t\t\t<\/div>\n\t\t\t\t<div class=\"elementor-element elementor-element-58c78460 cea-view-default elementor-widget elementor-widget-ceafeaturebox\" data-id=\"58c78460\" data-element_type=\"widget\" data-widget_type=\"ceafeaturebox.default\">\n\t\t\t\t<div class=\"elementor-widget-container feature-box-wrapper feature-box-default\">\n\t\t\t<div class=\"media\"><div class=\"media-icon-part\"><figure class=\"cea-feature-box-img\"><img decoding=\"async\" src=\"https:\/\/bgm-mannheim.de\/wp-content\/uploads\/elementor\/thumbs\/award-1-1-r4u5v4wzdtstai1rjkkx6cdqd2vzqjx1map99vqid0.png\" award award \/><\/figure><\/div><div class=\"media-body\"><h4 class=\"feature-box-title\">Was k\u00f6nnen wir f\u00fcr Sie tun?<\/h4><div class=\"fbox-content\">In unserem Blumengro\u00dfmarkt haben Sie mit unseren Anbietern zahlreiche kompetente Ansprechpartner, die Sie \u00fcber unser aktuelles Angebot bestens informieren. Dar\u00fcber hinaus stehen Ihnen unsere Mitarbeiter f\u00fcr alle Fragen rund um den Blumengro\u00dfmarkt Mannheim gerne zur Verf\u00fcgung.<\/div><\/div><!-- .media-body --><\/div><!-- .media -->\t\t<\/div>\n\t\t\t\t<\/div>\n\t\t\t\t\t<\/div>\n\t\t<\/div>\n\t\t\t\t<div class=\"elementor-column elementor-col-50 elementor-top-column elementor-element elementor-element-32d4f4 bg-gradient elementor-hidden-mobile elementor-hidden-tablet\" data-id=\"32d4f4\" data-element_type=\"column\" data-settings=\"{&quot;background_background&quot;:&quot;classic&quot;}\">\n\t\t\t<div class=\"elementor-widget-wrap elementor-element-populated\">\n\t\t\t\t\t\t<div class=\"elementor-element elementor-element-46157484 elementor-hidden-mobile elementor-widget elementor-widget-image\" data-id=\"46157484\" data-element_type=\"widget\" data-widget_type=\"image.default\">\n\t\t\t\t<div class=\"elementor-widget-container\">\n\t\t\t\t\t\t\t\t\t\t\t\t\t\t\t<img decoding=\"async\" src=\"https:\/\/bgm-mannheim.de\/wp-content\/uploads\/elementor\/thumbs\/ansprechpartner-titel-scaled-r8vy6vl1jg7181khuqxmikl6bgc0oghgnukan90c48.webp\" title=\"ansprechpartner-titel\" alt=\"ansprechpartner-titel\" loading=\"lazy\" \/>\t\t\t\t\t\t\t\t\t\t\t\t\t\t\t<\/div>\n\t\t\t\t<\/div>\n\t\t\t\t\t<\/div>\n\t\t<\/div>\n\t\t\t\t\t<\/div>\n\t\t<\/section>\n\t\t\t\t<section class=\"elementor-section elementor-top-section elementor-element elementor-element-0a2f50d elementor-section-stretched elementor-section-boxed elementor-section-height-default elementor-section-height-default text-reveal-no\" data-id=\"0a2f50d\" data-element_type=\"section\" data-settings=\"{&quot;stretch_section&quot;:&quot;section-stretched&quot;,&quot;background_background&quot;:&quot;classic&quot;}\">\n\t\t\t\t\t\t\t<div class=\"elementor-background-overlay\"><\/div>\n\t\t\t\t\t\t\t<div class=\"elementor-container elementor-column-gap-default\">\n\t\t\t\t\t<div class=\"elementor-column elementor-col-100 elementor-top-column elementor-element elementor-element-5b6d06f\" data-id=\"5b6d06f\" data-element_type=\"column\">\n\t\t\t<div class=\"elementor-widget-wrap elementor-element-populated\">\n\t\t\t\t\t\t<div class=\"elementor-element elementor-element-6c898d8 elementor-widget elementor-widget-spacer\" data-id=\"6c898d8\" data-element_type=\"widget\" data-widget_type=\"spacer.default\">\n\t\t\t\t<div class=\"elementor-widget-container\">\n\t\t\t\t\t\t\t<div class=\"elementor-spacer\">\n\t\t\t<div class=\"elementor-spacer-inner\"><\/div>\n\t\t<\/div>\n\t\t\t\t\t\t<\/div>\n\t\t\t\t<\/div>\n\t\t\t\t\t<\/div>\n\t\t<\/div>\n\t\t\t\t\t<\/div>\n\t\t<\/section>\n\t\t<div class=\"elementor-element elementor-element-1cc170a e-con-full e-flex text-reveal-no e-con e-parent\" data-id=\"1cc170a\" data-element_type=\"container\">\n\t\t\t\t<div class=\"elementor-element elementor-element-c915ec9 elementor-widget elementor-widget-ceateam\" data-id=\"c915ec9\" data-element_type=\"widget\" data-widget_type=\"ceateam.default\">\n\t\t\t\t\r\n\t\t<div class=\"elementor-widget-container team-wrapper team-style-default team-light team-normal-model\">\r\n\t\t\r\n\t\t\t<div class=\"row\"><div class=\"col-lg-3 col-md-6\" ><div class=\"team-inner\"><div class=\"post-thumb\"><a href=\"https:\/\/bgm-mannheim.de\/?cea-team=jessica-ethan\" class=\"post-image-link\"><img decoding=\"async\" src=\"https:\/\/bgm-mannheim.de\/wp-content\/uploads\/elementor\/thumbs\/biller-raxf00set7v31sd8w37gwyz56bswv4zwu6ue594zio.jpg\" title=\"biller\" alt=\"\" class=\"img-fluid squared\" \/><\/a><\/div><!-- .post-thumb --><div class=\"entry-title\"><h3 class=\"post-title-head\"><a href=\"https:\/\/bgm-mannheim.de\/?cea-team=jessica-ethan\" class=\"post-title\">Hans-Georg Biller<\/a><\/h3><\/div><!-- .entry-title --><div class=\"team-designation\"><div class=\"post-designation-head\">Gesch\u00e4ftsf\u00fchrung<\/div><\/div><!-- .team-designation --><\/div><!-- .team-inner --><\/div><!-- .col \/ .owl-carousel-item \/ .isotope --><div class=\"col-lg-3 col-md-6\" ><div class=\"team-inner\"><div class=\"post-thumb\"><a href=\"https:\/\/bgm-mannheim.de\/?cea-team=mary-john\" class=\"post-image-link\"><img decoding=\"async\" src=\"https:\/\/bgm-mannheim.de\/wp-content\/uploads\/elementor\/thumbs\/Andrea_Kortuem_Caro-Gutfleisch-r8r4cl72bd4d2xaasi508xmt47kxdufwh85q4pudow.webp\" title=\"rpt\" alt=\"\" class=\"img-fluid squared img-fluid squared\" \/><\/a><\/div><!-- .post-thumb --><div class=\"entry-title\"><h3 class=\"post-title-head\"><a href=\"https:\/\/bgm-mannheim.de\/?cea-team=mary-john\" class=\"post-title\">Andrea Kort\u00fcm und Caroline Gutfleisch<\/a><\/h3><\/div><!-- .entry-title --><div class=\"team-designation\"><div class=\"post-designation-head\">Verwaltung<\/div><\/div><!-- .team-designation --><\/div><!-- .team-inner --><\/div><!-- .col \/ .owl-carousel-item \/ .isotope --><div class=\"col-lg-3 col-md-6\" ><div class=\"team-inner\"><div class=\"post-thumb\"><a href=\"https:\/\/bgm-mannheim.de\/?cea-team=james-garcia\" class=\"post-image-link\"><img decoding=\"async\" src=\"https:\/\/bgm-mannheim.de\/wp-content\/uploads\/elementor\/thumbs\/roland-kett-r8r40ywvu37rkg5vmzc0xd6orqul8jbcjpunkl2kls.webp\" title=\"roland-kett\" alt=\"\" class=\"img-fluid squared img-fluid squared img-fluid squared\" \/><\/a><\/div><!-- .post-thumb --><div class=\"entry-title\"><h3 class=\"post-title-head\"><a href=\"https:\/\/bgm-mannheim.de\/?cea-team=james-garcia\" class=\"post-title\">Roland Kett<\/a><\/h3><\/div><!-- .entry-title --><div class=\"team-designation\"><div class=\"post-designation-head\">Marktmeister<\/div><\/div><!-- .team-designation --><\/div><!-- .team-inner --><\/div><!-- .col \/ .owl-carousel-item \/ .isotope --><div class=\"col-lg-3 col-md-6\" ><div class=\"team-inner\"><div class=\"post-thumb\"><a href=\"https:\/\/bgm-mannheim.de\/?cea-team=peter-weidemann\" class=\"post-image-link\"><img decoding=\"async\" src=\"https:\/\/bgm-mannheim.de\/wp-content\/uploads\/elementor\/thumbs\/logo_m_schriftzug_bgm_mannheim-2-r4u9gdq4xiwt3ajwgt2y6uiyee6c3xty7oui1ntkuo.png\" title=\"logo_m_schriftzug_bgm_mannheim\" alt=\"\" class=\"img-fluid squared img-fluid squared img-fluid squared img-fluid squared\" \/><\/a><\/div><!-- .post-thumb --><div class=\"entry-title\"><h3 class=\"post-title-head\"><a href=\"https:\/\/bgm-mannheim.de\/?cea-team=peter-weidemann\" class=\"post-title\">Hans-Peter Schreieck<\/a><\/h3><\/div><!-- .entry-title --><div class=\"team-designation\"><div class=\"post-designation-head\">Regionaler Telefonvertrieb<\/div><\/div><!-- .team-designation --><\/div><!-- .team-inner --><\/div><!-- .col \/ .owl-carousel-item \/ .isotope --><\/div><!-- .row -->\t\t\t\r\n\t\t<\/div>\r\n\t\t\t\t<\/div>\n\t\t\t\t<\/div>\n\t\t\t\t<\/div>\n\t\t","protected":false},"excerpt":{"rendered":"<p>Ansprechpartner Wir sind f\u00fcr Sie da Was k\u00f6nnen wir f\u00fcr Sie tun? In unserem Blumengro\u00dfmarkt..<\/p>\n","protected":false},"author":1,"featured_media":0,"parent":0,"menu_order":0,"comment_status":"closed","ping_status":"closed","template":"","meta":{"footnotes":""},"class_list":["post-67442","page","type-page","status-publish","hentry"],"_links":{"self":[{"href":"https:\/\/bgm-mannheim.de\/index.php?rest_route=\/wp\/v2\/pages\/67442","targetHints":{"allow":["GET"]}}],"collection":[{"href":"https:\/\/bgm-mannheim.de\/index.php?rest_route=\/wp\/v2\/pages"}],"about":[{"href":"https:\/\/bgm-mannheim.de\/index.php?rest_route=\/wp\/v2\/types\/page"}],"author":[{"embeddable":true,"href":"https:\/\/bgm-mannheim.de\/index.php?rest_route=\/wp\/v2\/users\/1"}],"replies":[{"embeddable":true,"href":"https:\/\/bgm-mannheim.de\/index.php?rest_route=%2Fwp%2Fv2%2Fcomments&post=67442"}],"version-history":[{"count":11,"href":"https:\/\/bgm-mannheim.de\/index.php?rest_route=\/wp\/v2\/pages\/67442\/revisions"}],"predecessor-version":[{"id":67610,"href":"https:\/\/bgm-mannheim.de\/index.php?rest_route=\/wp\/v2\/pages\/67442\/revisions\/67610"}],"wp:attachment":[{"href":"https:\/\/bgm-mannheim.de\/index.php?rest_route=%2Fwp%2Fv2%2Fmedia&parent=67442"}],"curies":[{"name":"wp","href":"https:\/\/api.w.org\/{rel}","templated":true}]}}