{"id":67497,"date":"2025-07-17T12:48:58","date_gmt":"2025-07-17T10:48:58","guid":{"rendered":"http:\/\/beta.bgm-mannheim.de\/?page_id=67497"},"modified":"2025-08-29T09:37:48","modified_gmt":"2025-08-29T07:37:48","slug":"kunde-werden","status":"publish","type":"page","link":"https:\/\/bgm-mannheim.de\/?page_id=67497","title":{"rendered":"KUNDE WERDEN"},"content":{"rendered":"\t\t<div data-elementor-type=\"wp-page\" data-elementor-id=\"67497\" class=\"elementor elementor-67497\">\n\t\t\t\t\t\t<section class=\"elementor-section elementor-top-section elementor-element elementor-element-63e92cf1 elementor-section-stretched elementor-section-boxed elementor-section-height-default elementor-section-height-default text-reveal-no\" data-id=\"63e92cf1\" data-element_type=\"section\" data-settings=\"{&quot;background_background&quot;:&quot;classic&quot;,&quot;stretch_section&quot;:&quot;section-stretched&quot;}\">\n\t\t\t\t\t\t<div class=\"elementor-container elementor-column-gap-default\">\n\t\t\t\t\t<div class=\"elementor-column elementor-col-50 elementor-top-column elementor-element elementor-element-26e81d5c\" data-id=\"26e81d5c\" data-element_type=\"column\" data-settings=\"{&quot;background_background&quot;:&quot;classic&quot;}\">\n\t\t\t<div class=\"elementor-widget-wrap elementor-element-populated\">\n\t\t\t\t\t\t<div class=\"elementor-element elementor-element-83e192 cea-align-left elementor-widget__width-initial cea-mobile-align-left elementor-widget elementor-widget-ceasectiontitle\" data-id=\"83e192\" data-element_type=\"widget\" data-widget_type=\"ceasectiontitle.default\">\n\t\t\t\t<div class=\"elementor-widget-container\">\n\t\t\t\t\t<div class=\"section-title-wrapper\"><div class=\"title-wrap\"><h6 class=\"sub-title\"><span class=\"subtitle-dots \" >Gemeinsam stark<\/span><\/h6><h2 class=\"section-title none\" data-animation=\"none\">Profitieren Sie von einer <span class=\"title-suffix\">starken Marktgemeinschaft<\/span><\/h2><\/div><!-- .title-wrap --><div class=\"section-description\"><\/div><!-- .section-description --><\/div><!-- .section-title-wrapper -->\t\t\t\t<\/div>\n\t\t\t\t<\/div>\n\t\t\t\t<div class=\"elementor-element elementor-element-c93d4ea elementor-widget elementor-widget-text-editor\" data-id=\"c93d4ea\" data-element_type=\"widget\" data-widget_type=\"text-editor.default\">\n\t\t\t\t<div class=\"elementor-widget-container\">\n\t\t\t\t\t\t\t\t\t<h4><strong>Privatpersonen und Branchenfremden ist der Zutritt verboten!<\/strong><\/h4>\t\t\t\t\t\t\t\t<\/div>\n\t\t\t\t<\/div>\n\t\t\t\t<div class=\"elementor-element elementor-element-58c78460 cea-view-default elementor-widget elementor-widget-ceafeaturebox\" data-id=\"58c78460\" data-element_type=\"widget\" data-widget_type=\"ceafeaturebox.default\">\n\t\t\t\t<div class=\"elementor-widget-container feature-box-wrapper feature-box-default\">\n\t\t\t<div class=\"media\"><div class=\"media-icon-part\"><figure class=\"cea-feature-box-img\"><img decoding=\"async\" src=\"https:\/\/bgm-mannheim.de\/wp-content\/uploads\/elementor\/thumbs\/shovels-1-1-r4u5v3z56zriyw34p26alum9rp0miutba61rslrwj8.png\" shovels shovels \/><\/figure><\/div><div class=\"media-body\"><h4 class=\"feature-box-title\">Voraussetzungen und Regelungen zum Erwerb eines Einkaufsausweises f\u00fcr den Blumengro\u00dfmarkt Mannheim<\/h4><div class=\"fbox-content\">Sehr geehrte Interessentin, sehr geehrter Interessent,\nbevor Sie sich entscheiden, bei uns einen Ausweis zu erwerben, der Sie zum Einkauf im Blumengro\u00dfmarkt Mannheim berechtigt, m\u00f6chten wir Sie auf einige Regelungen aufmerksam machen.\n\nDer Blumengro\u00dfmarkt Mannheim (BGM ) ist eine Genossenschaft, auf deren Gel\u00e4nde unsere Anbieter auf eigene Rechnung Schnittblumen, Topfpflanzen, Floristen- und Gartenbaubedarf - einfach alles, was der Blumenfachhandel w\u00fcnscht - anbieten.<\/div><\/div><!-- .media-body --><\/div><!-- .media -->\t\t<\/div>\n\t\t\t\t<\/div>\n\t\t\t\t\t<\/div>\n\t\t<\/div>\n\t\t\t\t<div class=\"elementor-column elementor-col-50 elementor-top-column elementor-element elementor-element-32d4f4 bg-gradient elementor-hidden-mobile elementor-hidden-tablet\" data-id=\"32d4f4\" data-element_type=\"column\" data-settings=\"{&quot;background_background&quot;:&quot;classic&quot;}\">\n\t\t\t<div class=\"elementor-widget-wrap elementor-element-populated\">\n\t\t\t\t\t\t<div class=\"elementor-element elementor-element-46157484 elementor-hidden-mobile elementor-widget elementor-widget-image\" data-id=\"46157484\" data-element_type=\"widget\" data-widget_type=\"image.default\">\n\t\t\t\t<div class=\"elementor-widget-container\">\n\t\t\t\t\t\t\t\t\t\t\t\t\t\t\t<img decoding=\"async\" src=\"https:\/\/bgm-mannheim.de\/wp-content\/uploads\/elementor\/thumbs\/port-10-1-1-r4u5zd7221q30cxujc134sfrc7f1nxlqfw7iztkok8.jpg\" title=\"port-10\" alt=\"port-10\" loading=\"lazy\" \/>\t\t\t\t\t\t\t\t\t\t\t\t\t\t\t<\/div>\n\t\t\t\t<\/div>\n\t\t\t\t\t<\/div>\n\t\t<\/div>\n\t\t\t\t\t<\/div>\n\t\t<\/section>\n\t\t\t\t<section class=\"elementor-section elementor-top-section elementor-element elementor-element-75d318e elementor-section-stretched elementor-section-boxed elementor-section-height-default elementor-section-height-default text-reveal-no\" data-id=\"75d318e\" data-element_type=\"section\" data-settings=\"{&quot;stretch_section&quot;:&quot;section-stretched&quot;,&quot;background_background&quot;:&quot;classic&quot;}\">\n\t\t\t\t\t\t\t<div class=\"elementor-background-overlay\"><\/div>\n\t\t\t\t\t\t\t<div class=\"elementor-container elementor-column-gap-default\">\n\t\t\t\t\t<div class=\"elementor-column elementor-col-100 elementor-top-column elementor-element elementor-element-15fb0ff\" data-id=\"15fb0ff\" data-element_type=\"column\">\n\t\t\t<div class=\"elementor-widget-wrap elementor-element-populated\">\n\t\t\t\t\t\t<div class=\"elementor-element elementor-element-dfa6028 elementor-widget elementor-widget-spacer\" data-id=\"dfa6028\" data-element_type=\"widget\" data-widget_type=\"spacer.default\">\n\t\t\t\t<div class=\"elementor-widget-container\">\n\t\t\t\t\t\t\t<div class=\"elementor-spacer\">\n\t\t\t<div class=\"elementor-spacer-inner\"><\/div>\n\t\t<\/div>\n\t\t\t\t\t\t<\/div>\n\t\t\t\t<\/div>\n\t\t\t\t\t<\/div>\n\t\t<\/div>\n\t\t\t\t\t<\/div>\n\t\t<\/section>\n\t\t<div class=\"elementor-element elementor-element-1938e44 e-grid e-con-boxed text-reveal-no e-con e-parent\" data-id=\"1938e44\" data-element_type=\"container\">\n\t\t\t\t\t<div class=\"e-con-inner\">\n\t\t<div class=\"elementor-element elementor-element-d6c942a e-con-full e-flex text-reveal-no e-con e-child\" data-id=\"d6c942a\" data-element_type=\"container\">\n\t\t\t\t<div class=\"elementor-element elementor-element-b21c66e cea-view-default elementor-widget elementor-widget-ceafeaturebox\" data-id=\"b21c66e\" data-element_type=\"widget\" data-widget_type=\"ceafeaturebox.default\">\n\t\t\t\t<div class=\"elementor-widget-container feature-box-wrapper feature-box-default\">\n\t\t\t<div class=\"media\"><div class=\"media-icon-part\"><figure class=\"cea-feature-box-img\"><img decoding=\"async\" src=\"https:\/\/bgm-mannheim.de\/wp-content\/uploads\/elementor\/thumbs\/shovels-1-1-r4u5v3z56zriyw34p26alum9rp0miutba61rslrwj8.png\" shovels shovels \/><\/figure><\/div><div class=\"media-body\"><h4 class=\"feature-box-title\">Damit auch Sie von diesem Komplettsortiment profitieren k\u00f6nnen, m\u00fcssen folgende Voraussetzungen von Ihrer Seite erf\u00fcllt sein:<\/h4><div class=\"fbox-content\">Sie betreiben ein Gross- oder Einzelhandelsgesch\u00e4ft und geh\u00f6ren einer der folgenden Branchen an: Gartenbau (s\u00e4mtliche Spezialisierungen); Blumeneinzelhandel; Lebensmittel-Einzelhandel; Obst-, Gem\u00fcsehandel, Fach-Gro\u00dfhandel; (Gewerbeschein, Best\u00e4tigung Bauernverband oder \u00e4hnliches muss vorgelegt werden)\nSie sind Wiederverk\u00e4ufer, bzw. gewerblicher Wiederverwender (Artikelbedarf in Ihrem Betrieb insgesamt mindestens 10.000 EURO Netto) der bei uns erworbenen Artikel (Umsatz im BGM mindestens 3.000 EURO Netto\/Jahr)<\/div><\/div><!-- .media-body --><\/div><!-- .media -->\t\t<\/div>\n\t\t\t\t<\/div>\n\t\t\t\t<\/div>\n\t\t\t\t\t<\/div>\n\t\t\t\t<\/div>\n\t\t<div class=\"elementor-element elementor-element-1ae6b3e e-flex e-con-boxed text-reveal-no e-con e-parent\" data-id=\"1ae6b3e\" data-element_type=\"container\">\n\t\t\t\t\t<div class=\"e-con-inner\">\n\t\t\t\t<div class=\"elementor-element elementor-element-061c367 elementor-widget elementor-widget-text-editor\" data-id=\"061c367\" data-element_type=\"widget\" data-widget_type=\"text-editor.default\">\n\t\t\t\t<div class=\"elementor-widget-container\">\n\t\t\t\t\t\t\t\t\t<p><strong>Sofern beide Voraussetzungen auf Sie zutreffen, f\u00fcllen Sie bitte unseren Ausweisantrag (steht als <abbr title=\"Free Portable Document Format\">PDF<\/abbr> zum Download zur Verf\u00fcgung) aus, in dem Sie die Erf\u00fcllung der Voraussetzungen mit Ihrer Unterschrift best\u00e4tigen. Das Antragsformular halten wir alternativ auch in unserem Marktb\u00fcro f\u00fcr Sie bereit.<\/strong><\/p>\t\t\t\t\t\t\t\t<\/div>\n\t\t\t\t<\/div>\n\t\t\t\t\t<\/div>\n\t\t\t\t<\/div>\n\t\t<div class=\"elementor-element elementor-element-8b12948 e-grid e-con-boxed text-reveal-no e-con e-parent\" data-id=\"8b12948\" data-element_type=\"container\">\n\t\t\t\t\t<div class=\"e-con-inner\">\n\t\t\t\t<div class=\"elementor-element elementor-element-c04a227 elementor-widget elementor-widget-heading\" data-id=\"c04a227\" data-element_type=\"widget\" data-widget_type=\"heading.default\">\n\t\t\t\t<div class=\"elementor-widget-container\">\n\t\t\t\t\t<h5 class=\"elementor-heading-title elementor-size-default\">Antrag zur Ausstellung eines Einkaufsausweises<\/h5>\t\t\t\t<\/div>\n\t\t\t\t<\/div>\n\t\t\t\t<div class=\"elementor-element elementor-element-fbfeda3 elementor-widget elementor-widget-button\" data-id=\"fbfeda3\" data-element_type=\"widget\" data-widget_type=\"button.default\">\n\t\t\t\t<div class=\"elementor-widget-container\">\n\t\t\t\t\t\t\t\t\t<div class=\"elementor-button-wrapper\">\n\t\t\t\t\t<a class=\"elementor-button elementor-button-link elementor-size-sm\" href=\"http:\/\/bgm-mannheim.de\/wp-content\/uploads\/2025\/07\/antragsformular-24.pdf\">\n\t\t\t\t\t\t<span class=\"elementor-button-content-wrapper\">\n\t\t\t\t\t\t\t\t\t<span class=\"elementor-button-text\">Download<\/span>\n\t\t\t\t\t<\/span>\n\t\t\t\t\t<\/a>\n\t\t\t\t<\/div>\n\t\t\t\t\t\t\t\t<\/div>\n\t\t\t\t<\/div>\n\t\t\t\t\t<\/div>\n\t\t\t\t<\/div>\n\t\t<div class=\"elementor-element elementor-element-797aa4d e-flex e-con-boxed text-reveal-no e-con e-parent\" data-id=\"797aa4d\" data-element_type=\"container\">\n\t\t\t\t\t<div class=\"e-con-inner\">\n\t\t\t\t<div class=\"elementor-element elementor-element-959e0ad cea-view-default elementor-widget elementor-widget-ceafeaturebox\" data-id=\"959e0ad\" data-element_type=\"widget\" data-widget_type=\"ceafeaturebox.default\">\n\t\t\t\t<div class=\"elementor-widget-container feature-box-wrapper feature-box-default\">\n\t\t\t<div class=\"media\"><div class=\"media-icon-part\"><\/div><div class=\"media-body\"><div class=\"fbox-content\">Besuchen Sie uns mit dem Ausweisantrag und Ihrer Legitimation (z.B. Gewerbeschein) sowie ihrem Personalausweis Montag, Dienstag, Donnerstag oder Freitag zwischen 05.00 Uhr und 09.00 Uhr in unserem Marktb\u00fcro. Dort pr\u00fcfen wir Ihre Angaben und machen bei Zustimmung zu Ihrem Antrag ein Foto vom Eink\u00e4ufer\/von der Eink\u00e4uferin. Passfotos akzeptieren wir nur in Ausnahmef\u00e4llen.<\/div><\/div><!-- .media-body --><\/div><!-- .media -->\t\t<\/div>\n\t\t\t\t<\/div>\n\t\t\t\t\t<\/div>\n\t\t\t\t<\/div>\n\t\t<div class=\"elementor-element elementor-element-52505b8 e-flex e-con-boxed text-reveal-no e-con e-parent\" data-id=\"52505b8\" data-element_type=\"container\">\n\t\t\t\t\t<div class=\"e-con-inner\">\n\t\t\t\t<div class=\"elementor-element elementor-element-b0c3411 cea-view-default elementor-widget elementor-widget-ceafeaturebox\" data-id=\"b0c3411\" data-element_type=\"widget\" data-widget_type=\"ceafeaturebox.default\">\n\t\t\t\t<div class=\"elementor-widget-container feature-box-wrapper feature-box-default\">\n\t\t\t<div class=\"media\"><div class=\"media-icon-part\"><\/div><div class=\"media-body\"><h4 class=\"feature-box-title\">Schutzgeb\u00fchr<\/h4><div class=\"fbox-content\">Die Stadt Mannheim schreibt uns vor, dass wir f\u00fcr Einkaufs-Ausweise eine Schutzgeb\u00fchr erheben m\u00fcssen, weil wir uns auf dem Gro\u00dfmarkt-Gel\u00e4nde der Stadt Mannheim befinden. Diese Schutzgeb\u00fchr betr\u00e4gt f\u00fcr einen Neuausweis 30 EURO inkl. MwSt. und wird bei Antragstellung f\u00e4llig. Der Ausweis ist bis zum Ende des auf die Ausstellung folgenden Jahres g\u00fcltig. (z.B. Ausstellung in 3.25 => g\u00fcltig bis 31.12.2026). Der Ausweis wird nach Ablauf um jeweils zwei weitere Jahre verl\u00e4ngert. (Schutzgeb\u00fchr f\u00fcr Verl\u00e4ngerung: 25 EURO inkl. MwSt. f\u00fcr bis zu 2 Jahre)\n\nDer Ausweis ist nicht \u00fcbertragbar und enth\u00e4lt deshalb ein Bild des Eink\u00e4ufers\/der Eink\u00e4uferin. Die Ausstellung eines 2. Ausweises ist m\u00f6glich (Preis: 15 EURO inkl. MwSt.) Der Ausweis muss beim Betreten des Marktes sichtbar getragen werden, damit unsere Kontrolleure leichtere Arbeit haben und Missverst\u00e4ndnisse vermieden werden.<\/div><\/div><!-- .media-body --><\/div><!-- .media -->\t\t<\/div>\n\t\t\t\t<\/div>\n\t\t\t\t\t<\/div>\n\t\t\t\t<\/div>\n\t\t<div class=\"elementor-element elementor-element-22b568a e-flex e-con-boxed text-reveal-no e-con e-parent\" data-id=\"22b568a\" data-element_type=\"container\">\n\t\t\t\t\t<div class=\"e-con-inner\">\n\t\t\t\t<div class=\"elementor-element elementor-element-779b4ae cea-view-default elementor-widget elementor-widget-ceafeaturebox\" data-id=\"779b4ae\" data-element_type=\"widget\" data-widget_type=\"ceafeaturebox.default\">\n\t\t\t\t<div class=\"elementor-widget-container feature-box-wrapper feature-box-default\">\n\t\t\t<div class=\"media\"><div class=\"media-icon-part\"><\/div><div class=\"media-body\"><h4 class=\"feature-box-title\">Zum Schutz unserer Kunden bitten wir folgendes zu beachten:<\/h4><div class=\"fbox-content\">Sofern Sie sich einen Ausweis ausstellen lassen und wir m\u00fcssen zu einem sp\u00e4teren Zeitpunkt bei einer \u00dcberpr\u00fcfung feststellen, dass Ihre Angaben zu Ihrem Betrieb nicht korrekt waren (z.B. Eintrag eines \"Blumenhandels\" in den Gewerbeschein, obwohl ein anderes Gewerbe betrieben wird) entziehen wir Ihnen unverz\u00fcglich die Berechtigung zum Einkauf im Blumengro\u00dfmarkt. Die gezahlte Schutzgeb\u00fchr f\u00fcr den Ausweis wird nicht zur\u00fcck erstattet!\n\nWir behalten uns vor, bei Vorspiegelung falscher Tatsachen die zust\u00e4ndigen Ordnungs\u00e4mter und Finanzbeh\u00f6rden entsprechend \u00fcber den Vorgang zu informieren.\n<p>\n<p>Wir bitten um Beachtung!<\/p>\nIhr Blumengro\u00dfmarkt Mannheim<\/div><\/div><!-- .media-body --><\/div><!-- .media -->\t\t<\/div>\n\t\t\t\t<\/div>\n\t\t\t\t\t<\/div>\n\t\t\t\t<\/div>\n\t\t<div class=\"elementor-element elementor-element-596bd45 e-flex e-con-boxed text-reveal-no e-con e-parent\" data-id=\"596bd45\" data-element_type=\"container\">\n\t\t\t\t\t<div class=\"e-con-inner\">\n\t\t\t\t<div class=\"elementor-element elementor-element-c62baa4 elementor-widget elementor-widget-heading\" data-id=\"c62baa4\" data-element_type=\"widget\" data-widget_type=\"heading.default\">\n\t\t\t\t<div class=\"elementor-widget-container\">\n\t\t\t\t\t<h3 class=\"elementor-heading-title elementor-size-default\">Download<\/h3>\t\t\t\t<\/div>\n\t\t\t\t<\/div>\n\t\t\t\t\t<\/div>\n\t\t\t\t<\/div>\n\t\t<div class=\"elementor-element elementor-element-81b69f2 e-grid e-con-boxed text-reveal-no e-con e-parent\" data-id=\"81b69f2\" data-element_type=\"container\">\n\t\t\t\t\t<div class=\"e-con-inner\">\n\t\t\t\t<div class=\"elementor-element elementor-element-f46ffb7 elementor-widget elementor-widget-heading\" data-id=\"f46ffb7\" data-element_type=\"widget\" data-widget_type=\"heading.default\">\n\t\t\t\t<div class=\"elementor-widget-container\">\n\t\t\t\t\t<h5 class=\"elementor-heading-title elementor-size-default\">Voraussetzungen und Regelungen zum Erwerb eines Einkaufsausweises f\u00fcr den Blumengro\u00dfmarkt Mannheim<\/h5>\t\t\t\t<\/div>\n\t\t\t\t<\/div>\n\t\t\t\t<div class=\"elementor-element elementor-element-2f29675 elementor-widget elementor-widget-button\" data-id=\"2f29675\" data-element_type=\"widget\" data-widget_type=\"button.default\">\n\t\t\t\t<div class=\"elementor-widget-container\">\n\t\t\t\t\t\t\t\t\t<div class=\"elementor-button-wrapper\">\n\t\t\t\t\t<a class=\"elementor-button elementor-button-link elementor-size-sm\" href=\"http:\/\/bgm-mannheim.de\/wp-content\/uploads\/2025\/07\/neukundeninfo-2024.pdf\">\n\t\t\t\t\t\t<span class=\"elementor-button-content-wrapper\">\n\t\t\t\t\t\t\t\t\t<span class=\"elementor-button-text\">Download<\/span>\n\t\t\t\t\t<\/span>\n\t\t\t\t\t<\/a>\n\t\t\t\t<\/div>\n\t\t\t\t\t\t\t\t<\/div>\n\t\t\t\t<\/div>\n\t\t\t\t\t<\/div>\n\t\t\t\t<\/div>\n\t\t<div class=\"elementor-element elementor-element-bcd4ae9 e-grid e-con-boxed text-reveal-no e-con e-parent\" data-id=\"bcd4ae9\" data-element_type=\"container\">\n\t\t\t\t\t<div class=\"e-con-inner\">\n\t\t\t\t<div class=\"elementor-element elementor-element-0b0566b elementor-widget elementor-widget-heading\" data-id=\"0b0566b\" data-element_type=\"widget\" data-widget_type=\"heading.default\">\n\t\t\t\t<div class=\"elementor-widget-container\">\n\t\t\t\t\t<h5 class=\"elementor-heading-title elementor-size-default\">Antrag zur Ausstellung eines Einkaufsausweises<\/h5>\t\t\t\t<\/div>\n\t\t\t\t<\/div>\n\t\t\t\t<div class=\"elementor-element elementor-element-bb7460d elementor-widget elementor-widget-button\" data-id=\"bb7460d\" data-element_type=\"widget\" data-widget_type=\"button.default\">\n\t\t\t\t<div class=\"elementor-widget-container\">\n\t\t\t\t\t\t\t\t\t<div class=\"elementor-button-wrapper\">\n\t\t\t\t\t<a class=\"elementor-button elementor-button-link elementor-size-sm\" href=\"http:\/\/bgm-mannheim.de\/wp-content\/uploads\/2025\/07\/antragsformular-24.pdf\">\n\t\t\t\t\t\t<span class=\"elementor-button-content-wrapper\">\n\t\t\t\t\t\t\t\t\t<span class=\"elementor-button-text\">Download<\/span>\n\t\t\t\t\t<\/span>\n\t\t\t\t\t<\/a>\n\t\t\t\t<\/div>\n\t\t\t\t\t\t\t\t<\/div>\n\t\t\t\t<\/div>\n\t\t\t\t\t<\/div>\n\t\t\t\t<\/div>\n\t\t<div class=\"elementor-element elementor-element-ca5a5c0 e-grid e-con-boxed text-reveal-no e-con e-parent\" data-id=\"ca5a5c0\" data-element_type=\"container\">\n\t\t\t\t\t<div class=\"e-con-inner\">\n\t\t\t\t<div class=\"elementor-element elementor-element-7e0d2f2 elementor-widget elementor-widget-heading\" data-id=\"7e0d2f2\" data-element_type=\"widget\" data-widget_type=\"heading.default\">\n\t\t\t\t<div class=\"elementor-widget-container\">\n\t\t\t\t\t<h5 class=\"elementor-heading-title elementor-size-default\">Leitfaden f\u00fcr den Einkauf im Blumengro\u00dfmarkt Mannheim<\/h5>\t\t\t\t<\/div>\n\t\t\t\t<\/div>\n\t\t\t\t<div class=\"elementor-element elementor-element-c0b4f34 elementor-widget elementor-widget-button\" data-id=\"c0b4f34\" data-element_type=\"widget\" data-widget_type=\"button.default\">\n\t\t\t\t<div class=\"elementor-widget-container\">\n\t\t\t\t\t\t\t\t\t<div class=\"elementor-button-wrapper\">\n\t\t\t\t\t<a class=\"elementor-button elementor-button-link elementor-size-sm\" href=\"http:\/\/bgm-mannheim.de\/wp-content\/uploads\/2025\/07\/leitfaden-2023.pdf\">\n\t\t\t\t\t\t<span class=\"elementor-button-content-wrapper\">\n\t\t\t\t\t\t\t\t\t<span class=\"elementor-button-text\">Download<\/span>\n\t\t\t\t\t<\/span>\n\t\t\t\t\t<\/a>\n\t\t\t\t<\/div>\n\t\t\t\t\t\t\t\t<\/div>\n\t\t\t\t<\/div>\n\t\t\t\t\t<\/div>\n\t\t\t\t<\/div>\n\t\t\t\t<\/div>\n\t\t","protected":false},"excerpt":{"rendered":"<p>Gemeinsam stark Profitieren Sie von einer starken Marktgemeinschaft Privatpersonen und Branchenfremden ist der Zutritt verboten! Voraussetzungen und Regelungen zum Erwerb eines Einkaufsausweises f\u00fcr den Blumengro\u00dfmarkt Mannheim Sehr geehrte Interessentin,..<\/p>\n","protected":false},"author":1,"featured_media":0,"parent":0,"menu_order":0,"comment_status":"closed","ping_status":"closed","template":"","meta":{"footnotes":""},"class_list":["post-67497","page","type-page","status-publish","hentry"],"_links":{"self":[{"href":"https:\/\/bgm-mannheim.de\/index.php?rest_route=\/wp\/v2\/pages\/67497","targetHints":{"allow":["GET"]}}],"collection":[{"href":"https:\/\/bgm-mannheim.de\/index.php?rest_route=\/wp\/v2\/pages"}],"about":[{"href":"https:\/\/bgm-mannheim.de\/index.php?rest_route=\/wp\/v2\/types\/page"}],"author":[{"embeddable":true,"href":"https:\/\/bgm-mannheim.de\/index.php?rest_route=\/wp\/v2\/users\/1"}],"replies":[{"embeddable":true,"href":"https:\/\/bgm-mannheim.de\/index.php?rest_route=%2Fwp%2Fv2%2Fcomments&post=67497"}],"version-history":[{"count":10,"href":"https:\/\/bgm-mannheim.de\/index.php?rest_route=\/wp\/v2\/pages\/67497\/revisions"}],"predecessor-version":[{"id":67994,"href":"https:\/\/bgm-mannheim.de\/index.php?rest_route=\/wp\/v2\/pages\/67497\/revisions\/67994"}],"wp:attachment":[{"href":"https:\/\/bgm-mannheim.de\/index.php?rest_route=%2Fwp%2Fv2%2Fmedia&parent=67497"}],"curies":[{"name":"wp","href":"https:\/\/api.w.org\/{rel}","templated":true}]}}