{"id":67511,"date":"2025-07-17T13:18:26","date_gmt":"2025-07-17T11:18:26","guid":{"rendered":"http:\/\/beta.bgm-mannheim.de\/?page_id=67511"},"modified":"2025-08-28T11:08:09","modified_gmt":"2025-08-28T09:08:09","slug":"leitfaden-fuer-den-einkauf","status":"publish","type":"page","link":"https:\/\/bgm-mannheim.de\/?page_id=67511","title":{"rendered":"LEITFADEN F\u00dcR IHREN EINKAUF"},"content":{"rendered":"\t\t<div data-elementor-type=\"wp-page\" data-elementor-id=\"67511\" class=\"elementor elementor-67511\">\n\t\t\t\t\t\t<section class=\"elementor-section elementor-top-section elementor-element elementor-element-63e92cf1 elementor-section-stretched elementor-section-boxed elementor-section-height-default elementor-section-height-default text-reveal-no\" data-id=\"63e92cf1\" data-element_type=\"section\" data-settings=\"{&quot;background_background&quot;:&quot;classic&quot;,&quot;stretch_section&quot;:&quot;section-stretched&quot;}\">\n\t\t\t\t\t\t<div class=\"elementor-container elementor-column-gap-default\">\n\t\t\t\t\t<div class=\"elementor-column elementor-col-50 elementor-top-column elementor-element elementor-element-26e81d5c\" data-id=\"26e81d5c\" data-element_type=\"column\" data-settings=\"{&quot;background_background&quot;:&quot;classic&quot;}\">\n\t\t\t<div class=\"elementor-widget-wrap elementor-element-populated\">\n\t\t\t\t\t\t<div class=\"elementor-element elementor-element-83e192 cea-align-left elementor-widget__width-initial cea-mobile-align-left elementor-widget elementor-widget-ceasectiontitle\" data-id=\"83e192\" data-element_type=\"widget\" data-widget_type=\"ceasectiontitle.default\">\n\t\t\t\t<div class=\"elementor-widget-container\">\n\t\t\t\t\t<div class=\"section-title-wrapper\"><div class=\"title-wrap\"><h6 class=\"sub-title\"><span class=\"subtitle-dots \" >Gemeinsam stark<\/span><\/h6><h2 class=\"section-title none\" data-animation=\"none\">Leitfaden f\u00fcr Ihren Einkauf im  <span class=\"title-suffix\">Blumengro\u00dfmarkt Mannheim<\/span><\/h2><\/div><!-- .title-wrap --><div class=\"section-description\"><\/div><!-- .section-description --><\/div><!-- .section-title-wrapper -->\t\t\t\t<\/div>\n\t\t\t\t<\/div>\n\t\t\t\t<div class=\"elementor-element elementor-element-58c78460 cea-view-default elementor-widget elementor-widget-ceafeaturebox\" data-id=\"58c78460\" data-element_type=\"widget\" data-widget_type=\"ceafeaturebox.default\">\n\t\t\t\t<div class=\"elementor-widget-container feature-box-wrapper feature-box-default\">\n\t\t\t<div class=\"media\"><div class=\"media-icon-part\"><figure class=\"cea-feature-box-img\"><img decoding=\"async\" src=\"https:\/\/bgm-mannheim.de\/wp-content\/uploads\/elementor\/thumbs\/shovels-1-1-r4u5v3z56zriyw34p26alum9rp0miutba61rslrwj8.png\" shovels shovels \/><\/figure><\/div><div class=\"media-body\"><h4 class=\"feature-box-title\">Verehrte Kundin, verehrter Kunde,<\/h4><div class=\"fbox-content\">wir freuen uns, Sie in unserem Blumengro\u00dfmarkt Mannheim begr\u00fc\u00dfen zu d\u00fcrfen.\n\nDa wir Ihnen den Einkauf im Blumengro\u00dfmarkt Mannheim (BGM) so angenehm wie m\u00f6glich gestalten m\u00f6chten, haben wir f\u00fcr Sie mit diesem Schreiben wichtige Informationen \u00fcber Struktur und Gesch\u00e4ftsabl\u00e4ufe innerhalb unseres Marktes zusammengestellt.<\/div><\/div><!-- .media-body --><\/div><!-- .media -->\t\t<\/div>\n\t\t\t\t<\/div>\n\t\t\t\t\t<\/div>\n\t\t<\/div>\n\t\t\t\t<div class=\"elementor-column elementor-col-50 elementor-top-column elementor-element elementor-element-32d4f4 bg-gradient elementor-hidden-mobile elementor-hidden-tablet\" data-id=\"32d4f4\" data-element_type=\"column\" data-settings=\"{&quot;background_background&quot;:&quot;classic&quot;}\">\n\t\t\t<div class=\"elementor-widget-wrap elementor-element-populated\">\n\t\t\t\t\t\t<div class=\"elementor-element elementor-element-46157484 elementor-hidden-mobile elementor-widget elementor-widget-image\" data-id=\"46157484\" data-element_type=\"widget\" data-widget_type=\"image.default\">\n\t\t\t\t<div class=\"elementor-widget-container\">\n\t\t\t\t\t\t\t\t\t\t\t\t\t\t\t<img decoding=\"async\" src=\"https:\/\/bgm-mannheim.de\/wp-content\/uploads\/elementor\/thumbs\/port-9-1-r4u5z9fpapkxpx3b5aekutdwynxkt56t3dll2pq994.jpg\" title=\"port-9\" alt=\"port-9\" loading=\"lazy\" \/>\t\t\t\t\t\t\t\t\t\t\t\t\t\t\t<\/div>\n\t\t\t\t<\/div>\n\t\t\t\t\t<\/div>\n\t\t<\/div>\n\t\t\t\t\t<\/div>\n\t\t<\/section>\n\t\t<div class=\"elementor-element elementor-element-22b568a e-flex e-con-boxed text-reveal-no e-con e-parent\" data-id=\"22b568a\" data-element_type=\"container\">\n\t\t\t\t\t<div class=\"e-con-inner\">\n\t\t\t\t<div class=\"elementor-element elementor-element-779b4ae cea-view-default elementor-widget elementor-widget-ceafeaturebox\" data-id=\"779b4ae\" data-element_type=\"widget\" data-widget_type=\"ceafeaturebox.default\">\n\t\t\t\t<div class=\"elementor-widget-container feature-box-wrapper feature-box-default\">\n\t\t\t<div class=\"media\"><div class=\"media-icon-part\"><\/div><div class=\"media-body\"><h4 class=\"feature-box-title\">1. Einkaufsausweis \/ Kontrollen<\/h4><div class=\"fbox-content\">Wenn Sie dieses Schreiben von uns erhalten haben, ist bereits der erste Schritt, die Beantragung eines Einkaufsausweises, durch Sie vollzogen worden. Ein Foto von Ihnen f\u00fcr den Ausweis ist gemacht. Der Einkaufsausweis berechtigt Sie, w\u00e4hrend unserer Marktzeiten (von 5.00 bis 9.00 Uhr) das Gro\u00dfmarktgel\u00e4nde zu betreten. Bitte tragen Sie den Ausweis beim Einkaufen immer bei sich, im Idealfall sichtbar am Oberk\u00f6rper, damit unsere Kontrolleure leichtere Arbeit haben und Missverst\u00e4ndnisse vermieden werden.<\/div><\/div><!-- .media-body --><\/div><!-- .media -->\t\t<\/div>\n\t\t\t\t<\/div>\n\t\t\t\t\t<\/div>\n\t\t\t\t<\/div>\n\t\t<div class=\"elementor-element elementor-element-b54baf1 e-flex e-con-boxed text-reveal-no e-con e-parent\" data-id=\"b54baf1\" data-element_type=\"container\">\n\t\t\t\t\t<div class=\"e-con-inner\">\n\t\t\t\t<div class=\"elementor-element elementor-element-d985dbf cea-view-default elementor-widget elementor-widget-ceafeaturebox\" data-id=\"d985dbf\" data-element_type=\"widget\" data-widget_type=\"ceafeaturebox.default\">\n\t\t\t\t<div class=\"elementor-widget-container feature-box-wrapper feature-box-default\">\n\t\t\t<div class=\"media\"><div class=\"media-icon-part\"><\/div><div class=\"media-body\"><h4 class=\"feature-box-title\">2. Marktzeiten \/ Zusatzveranstaltungen<\/h4><div class=\"fbox-content\">Der BGM ist in der Regel Montags, Dienstags, Donnerstags und Freitags ab 05.00 Uhr bis 09.00 Uhr f\u00fcr Sie ge\u00f6ffnet. Zus\u00e4tzliche Marktzeiten, z.B. Mittwochs w\u00e4hrend der Beet- und Balkonpflanzensaison, sowie zu besonderen Verkaufstagen (Valentinstag, Ostern etc.) teilen wir Ihnen per Rundschreiben mit. Im Fr\u00fchjahr, zu Beginn der Beet- und Balkonpflanzensaison, sowie im Herbst vor Advent veranstalten wir f\u00fcr Sie zwei Einkaufsb\u00f6rsen, die wir mit externen Anbietern und Floristischen Vorf\u00fchrungen von Top-Floristen erg\u00e4nzen. Sie werden hierzu von uns pers\u00f6nlich mit Rundschreiben eingeladen.<\/div><\/div><!-- .media-body --><\/div><!-- .media -->\t\t<\/div>\n\t\t\t\t<\/div>\n\t\t\t\t\t<\/div>\n\t\t\t\t<\/div>\n\t\t<div class=\"elementor-element elementor-element-ca6d761 e-flex e-con-boxed text-reveal-no e-con e-parent\" data-id=\"ca6d761\" data-element_type=\"container\">\n\t\t\t\t\t<div class=\"e-con-inner\">\n\t\t\t\t<div class=\"elementor-element elementor-element-7b2a7cd cea-view-default elementor-widget elementor-widget-ceafeaturebox\" data-id=\"7b2a7cd\" data-element_type=\"widget\" data-widget_type=\"ceafeaturebox.default\">\n\t\t\t\t<div class=\"elementor-widget-container feature-box-wrapper feature-box-default\">\n\t\t\t<div class=\"media\"><div class=\"media-icon-part\"><\/div><div class=\"media-body\"><h4 class=\"feature-box-title\">3. Der Blumengro\u00dfmarkt Mannheim in Zahlen<\/h4><div class=\"fbox-content\">Der BGM ist eine Genossenschaft und stellt seit 1961 mit Erfolg den Rahmen f\u00fcr die gemeinschaftliche Vermarktung.\n<h5><p><\/p>\n<p>Verkaufsfl\u00e4che Halle 3.200 qm<\/p>\n<P>Verladehalle 800 qm<\/p>\n<p>Parkpl\u00e4tze 160 Parkpl\u00e4tze, die meisten \u00fcberdacht<\/p>\n<p>Keller 4.000 qm, davon 1.000 qm K\u00fchllager und Verkaufsraum f\u00fcr Schnittblumen<\/p>\n<p>Markt-Gastst\u00e4tte, B\u00fcro 350 qm<\/p><\/h5><\/div><\/div><!-- .media-body --><\/div><!-- .media -->\t\t<\/div>\n\t\t\t\t<\/div>\n\t\t\t\t\t<\/div>\n\t\t\t\t<\/div>\n\t\t<div class=\"elementor-element elementor-element-2f59abf e-flex e-con-boxed text-reveal-no e-con e-parent\" data-id=\"2f59abf\" data-element_type=\"container\">\n\t\t\t\t\t<div class=\"e-con-inner\">\n\t\t\t\t<div class=\"elementor-element elementor-element-a1f2087 cea-view-default elementor-widget elementor-widget-ceafeaturebox\" data-id=\"a1f2087\" data-element_type=\"widget\" data-widget_type=\"ceafeaturebox.default\">\n\t\t\t\t<div class=\"elementor-widget-container feature-box-wrapper feature-box-default\">\n\t\t\t<div class=\"media\"><div class=\"media-icon-part\"><\/div><div class=\"media-body\"><h4 class=\"feature-box-title\">4. Die Anbieter<\/h4><div class=\"fbox-content\">Der BGM ist \u00fcberregional f\u00fcr sein vielf\u00e4ltiges und qualitativ hochwertiges Angebot bekannt. Hinter diesem hochwertigen Angebot, das keine W\u00fcnsche offen l\u00e4sst, stehen unsere Anbieter, die allesamt aus der Region stammen. Unsere Anbieterstruktur im Einzelnen (Mehrfachnennungen wegen Produkt\u00fcberscheidungen m\u00f6glich):\n<h5><p><\/p>\n<p>22 Topfpflanzenerzeuger und \u2013h\u00e4ndler<\/p>\n<p>8 Schnittblumenerzeuger<\/p>\n<p>5 Schnittblumengro\u00dfh\u00e4ndler<\/p>\n<p>2 Baumschul\/Staudenanbieter<\/p>\n<p>2 Floristenbedarfsh\u00e4ndler<\/p>\n<p>1 Gartenbaubedarfsh\u00e4ndler<\/p>\n<p>3 Kranz- und Bindegr\u00fcnh\u00e4ndler<\/p>\n<p>1 Schleifendrucker und Siegerkranz-H\u00e4ndler<\/p><\/h5><\/div><\/div><!-- .media-body --><\/div><!-- .media -->\t\t<\/div>\n\t\t\t\t<\/div>\n\t\t\t\t\t<\/div>\n\t\t\t\t<\/div>\n\t\t<div class=\"elementor-element elementor-element-1ae6b3e e-flex e-con-boxed text-reveal-no e-con e-parent\" data-id=\"1ae6b3e\" data-element_type=\"container\">\n\t\t\t\t\t<div class=\"e-con-inner\">\n\t\t\t\t<div class=\"elementor-element elementor-element-061c367 elementor-widget elementor-widget-text-editor\" data-id=\"061c367\" data-element_type=\"widget\" data-widget_type=\"text-editor.default\">\n\t\t\t\t<div class=\"elementor-widget-container\">\n\t\t\t\t\t\t\t\t\t<h3>= Ein Top-Vollsortiment!<\/h3>\t\t\t\t\t\t\t\t<\/div>\n\t\t\t\t<\/div>\n\t\t\t\t\t<\/div>\n\t\t\t\t<\/div>\n\t\t<div class=\"elementor-element elementor-element-a2a3922 e-flex e-con-boxed text-reveal-no e-con e-parent\" data-id=\"a2a3922\" data-element_type=\"container\">\n\t\t\t\t\t<div class=\"e-con-inner\">\n\t\t\t\t<div class=\"elementor-element elementor-element-ce531ea cea-view-default elementor-widget elementor-widget-ceafeaturebox\" data-id=\"ce531ea\" data-element_type=\"widget\" data-widget_type=\"ceafeaturebox.default\">\n\t\t\t\t<div class=\"elementor-widget-container feature-box-wrapper feature-box-default\">\n\t\t\t<div class=\"media\"><div class=\"media-icon-part\"><\/div><div class=\"media-body\"><h4 class=\"feature-box-title\">5. Das Angebot<\/h4><div class=\"fbox-content\">Aufgrund der Marktn\u00e4he unserer Anbieter, haben Sie als Kunde die Gew\u00e4hr, dass Sie im BGM immer ein absolut qualitativ hochwertiges und frisches Sortiment kaufen. Alle Erzeuger sind registrierte Nutzer der Regionalmarke \"Ich bin von HIER - Blumen und Pflanzen von G\u00e4rtnern aus der Region\", die sie als Kunde nach Anmeldung ebenfalls nutzen d\u00fcrfen. Neben der regionalen Ware finden sie bei uns Handelsware aus der ganzen Welt. Die Verbindungen unserer Anbieter reichen in viele Kontinente von Amerika \u00fcber Afrika bis in die hintersten Ecken Asiens. Damit k\u00f6nnen wir Ihnen ein auf Ihre anspruchsvollen Bed\u00fcrfnisse abgestimmtes internationales Angebot bieten, das im Rhein-Neckar-Raum seinesgleichen sucht. Auf Wunsch erhalten Sie auch per E-Mail oder Fax unsere aktuellen Angebote und weitere Infos, z.B. \u00fcber Zusatzm\u00e4rkte, Sonderveranstaltungen etc.\n\nDar\u00fcber hinaus steht ihnen eine App sowohl f\u00fcr Apple als auch Android-Smartphones zur Verf\u00fcgung, auf der Sie alle Anbieter-Kontaktdaten finden und \u00fcber aktuelle Info\u00b4s auf dem Laufenden gehalten werden.<\/div><\/div><!-- .media-body --><\/div><!-- .media -->\t\t<\/div>\n\t\t\t\t<\/div>\n\t\t\t\t<div class=\"elementor-element elementor-element-26c0d7d elementor-widget elementor-widget-image\" data-id=\"26c0d7d\" data-element_type=\"widget\" data-widget_type=\"image.default\">\n\t\t\t\t<div class=\"elementor-widget-container\">\n\t\t\t\t\t\t\t\t\t\t\t\t\t\t\t<img fetchpriority=\"high\" decoding=\"async\" width=\"910\" height=\"120\" src=\"https:\/\/bgm-mannheim.de\/wp-content\/uploads\/2025\/07\/qr-code.webp\" class=\"attachment-large size-large wp-image-67516\" alt=\"\" srcset=\"https:\/\/bgm-mannheim.de\/wp-content\/uploads\/2025\/07\/qr-code.webp 910w, https:\/\/bgm-mannheim.de\/wp-content\/uploads\/2025\/07\/qr-code-768x101.webp 768w\" sizes=\"(max-width: 910px) 100vw, 910px\" \/>\t\t\t\t\t\t\t\t\t\t\t\t\t\t\t<\/div>\n\t\t\t\t<\/div>\n\t\t\t\t\t<\/div>\n\t\t\t\t<\/div>\n\t\t<div class=\"elementor-element elementor-element-d941d4d e-flex e-con-boxed text-reveal-no e-con e-parent\" data-id=\"d941d4d\" data-element_type=\"container\">\n\t\t\t\t\t<div class=\"e-con-inner\">\n\t\t\t\t<div class=\"elementor-element elementor-element-4ac3155 cea-view-default elementor-widget elementor-widget-ceafeaturebox\" data-id=\"4ac3155\" data-element_type=\"widget\" data-widget_type=\"ceafeaturebox.default\">\n\t\t\t\t<div class=\"elementor-widget-container feature-box-wrapper feature-box-default\">\n\t\t\t<div class=\"media\"><div class=\"media-icon-part\"><\/div><div class=\"media-body\"><h4 class=\"feature-box-title\">6. Der Einkauf<\/h4><div class=\"fbox-content\">Beim Einkauf verhandeln Sie bei Blumen und Pflanzen meistens direkt mit dem Erzeuger. Dies hat f\u00fcr Sie den Vorteil, detaillierte Informationen \u00fcber das Produkt, f\u00fcr das Sie sich interessieren, zu bekommen. Die angebotenen Produkte sind in der Regel mit Preisen versehen. Ansonsten sollten Sie sich nicht scheuen, den Tagespreis zu erfragen, bzw. bei gr\u00f6\u00dferen Mengen \u00fcber eventuelle Preisnachl\u00e4sse zu verhandeln. Sie zahlen in der Regel bar und erhalten eine Rechnung. Ein Zentralkassensystem mit bargeldlosem Einkauf befindet sich in der Testphase.\n<p><\/p>\n<p>Wir bieten Ihnen an, f\u00fcr den Einkauf unsere Einkaufswagen zu nutzen. Diese finden sie neben den Haupteing\u00e4ngen des BGM. Die f\u00fcr die Nutzung der Wagen erforderlichen M\u00fcnzen erhalten Sie im B\u00fcro des BGM. Eine Hilfestellung beim Einkauf gibt Ihnen der Blumengro\u00dfmarkt-Wegweiser, der j\u00e4hrlich neu erscheint. In diesem Wegweiser finden Sie neben einem Hallenplan, die Anbieter-Adressen sowie Terminhinweise.<\/p>\n<\/div><\/div><!-- .media-body --><\/div><!-- .media -->\t\t<\/div>\n\t\t\t\t<\/div>\n\t\t\t\t\t<\/div>\n\t\t\t\t<\/div>\n\t\t<div class=\"elementor-element elementor-element-6081656 e-flex e-con-boxed text-reveal-no e-con e-parent\" data-id=\"6081656\" data-element_type=\"container\">\n\t\t\t\t\t<div class=\"e-con-inner\">\n\t\t\t\t<div class=\"elementor-element elementor-element-1d05a2c cea-view-default elementor-widget elementor-widget-ceafeaturebox\" data-id=\"1d05a2c\" data-element_type=\"widget\" data-widget_type=\"ceafeaturebox.default\">\n\t\t\t\t<div class=\"elementor-widget-container feature-box-wrapper feature-box-default\">\n\t\t\t<div class=\"media\"><div class=\"media-icon-part\"><\/div><div class=\"media-body\"><h4 class=\"feature-box-title\">7. Verpackungen<\/h4><div class=\"fbox-content\">Die meist genutzte Verpackung f\u00fcr Topfpflanzen ist die sogenannte Palettino-Pfandpalette. Die Palettino tr\u00e4gt entscheidend dazu bei, die Umwelt von Einweg-Verpackungen zu entlasten und Kosten zu sparen, denn sie entlastet Ihren M\u00fcll und unseren M\u00fcll. F\u00fcr diese Palette wird vom Anbieter ein Pfand von 1,50 EURO\/Palette erhoben. Sie k\u00f6nnen die Palette beim n\u00e4chsten Besuch bei unseren Anbietern (1,50 EURO an Sie zur\u00fcck) oder im B\u00fcro des BGM (1,50 EURO abz\u00fcgl. Handlingsgeb\u00fchr 0,15 \u20ac) abgeben. Kartonagen geben Sie bitte bei der auf dem Marktgel\u00e4nde befindlichen Recyclingstation ab.<\/div><\/div><!-- .media-body --><\/div><!-- .media -->\t\t<\/div>\n\t\t\t\t<\/div>\n\t\t\t\t\t<\/div>\n\t\t\t\t<\/div>\n\t\t<div class=\"elementor-element elementor-element-d8e99d9 e-flex e-con-boxed text-reveal-no e-con e-parent\" data-id=\"d8e99d9\" data-element_type=\"container\">\n\t\t\t\t\t<div class=\"e-con-inner\">\n\t\t\t\t<div class=\"elementor-element elementor-element-3454926 cea-view-default elementor-widget elementor-widget-ceafeaturebox\" data-id=\"3454926\" data-element_type=\"widget\" data-widget_type=\"ceafeaturebox.default\">\n\t\t\t\t<div class=\"elementor-widget-container feature-box-wrapper feature-box-default\">\n\t\t\t<div class=\"media\"><div class=\"media-icon-part\"><\/div><div class=\"media-body\"><h4 class=\"feature-box-title\">8. Zustellservice\/Abholdepot<\/h4><div class=\"fbox-content\">Der BGM bietet Ihnen an, die von Ihnen gekaufte Ware in Ihr Gesch\u00e4ft anzuliefern. N\u00e4heres hierzu erfahren Sie im B\u00fcro des BGM, sowie auf unserer Internet-Seite. Sofern Sie nicht alles laden k\u00f6nnen, bieten wir Ihnen auch an, diese Artikel bei uns zu lagern, und sp\u00e4ter abzuholen.<\/div><\/div><!-- .media-body --><\/div><!-- .media -->\t\t<\/div>\n\t\t\t\t<\/div>\n\t\t\t\t\t<\/div>\n\t\t\t\t<\/div>\n\t\t<div class=\"elementor-element elementor-element-62e8c49 e-flex e-con-boxed text-reveal-no e-con e-parent\" data-id=\"62e8c49\" data-element_type=\"container\">\n\t\t\t\t\t<div class=\"e-con-inner\">\n\t\t\t\t<div class=\"elementor-element elementor-element-d129e00 cea-view-default elementor-widget elementor-widget-ceafeaturebox\" data-id=\"d129e00\" data-element_type=\"widget\" data-widget_type=\"ceafeaturebox.default\">\n\t\t\t\t<div class=\"elementor-widget-container feature-box-wrapper feature-box-default\">\n\t\t\t<div class=\"media\"><div class=\"media-icon-part\"><\/div><div class=\"media-body\"><h4 class=\"feature-box-title\">9. B\u00fcro des BGM<\/h4><div class=\"fbox-content\">m Marktb\u00fcro nehmen wir gerne Ihre Fragen, Anregungen aber auch Kritik entgegen. Dort werden die Ausweise gefertigt. Wir bieten Ihnen neben dem gesamten aktuellen Fachb\u00fcchersortiment, Verpackungsmaterial und in der Regel kostenlose Werbemittel an. Hier k\u00f6nnen Sie auch Palettino\u00b4s (Handlingsgeb\u00fchr 0,15\u20ac.) abgeben.\n<p><\/p>\n<p><h5>Wir w\u00fcnschen Ihnen einen angenehmen Aufenthalt und gute Gesch\u00e4fte in unserem Blumengro\u00dfmarkt Mannheim und verbleiben<\/h5><\/p>\n<p><\/p>\n<p><Mit freundlichen Gr\u00fc\u00dfen<\/p>\n<p>Ihr Blumengro\u00dfmarkt Mannheim<\/p><\/div><\/div><!-- .media-body --><\/div><!-- .media -->\t\t<\/div>\n\t\t\t\t<\/div>\n\t\t\t\t\t<\/div>\n\t\t\t\t<\/div>\n\t\t<div class=\"elementor-element elementor-element-596bd45 e-flex e-con-boxed text-reveal-no e-con e-parent\" data-id=\"596bd45\" data-element_type=\"container\">\n\t\t\t\t\t<div class=\"e-con-inner\">\n\t\t\t\t<div class=\"elementor-element elementor-element-c62baa4 elementor-widget elementor-widget-heading\" data-id=\"c62baa4\" data-element_type=\"widget\" data-widget_type=\"heading.default\">\n\t\t\t\t<div class=\"elementor-widget-container\">\n\t\t\t\t\t<h3 class=\"elementor-heading-title elementor-size-default\">Download<\/h3>\t\t\t\t<\/div>\n\t\t\t\t<\/div>\n\t\t\t\t\t<\/div>\n\t\t\t\t<\/div>\n\t\t<div class=\"elementor-element elementor-element-d21ee9c e-grid e-con-boxed text-reveal-no e-con e-parent\" data-id=\"d21ee9c\" data-element_type=\"container\">\n\t\t\t\t\t<div class=\"e-con-inner\">\n\t\t\t\t<div class=\"elementor-element elementor-element-f46ffb7 elementor-widget elementor-widget-heading\" data-id=\"f46ffb7\" data-element_type=\"widget\" data-widget_type=\"heading.default\">\n\t\t\t\t<div class=\"elementor-widget-container\">\n\t\t\t\t\t<h5 class=\"elementor-heading-title elementor-size-default\">Leitfaden f\u00fcr den Einkauf im Blumengro\u00dfmarkt Mannheim<\/h5>\t\t\t\t<\/div>\n\t\t\t\t<\/div>\n\t\t\t\t<div class=\"elementor-element elementor-element-0e34d6c elementor-widget elementor-widget-button\" data-id=\"0e34d6c\" data-element_type=\"widget\" data-widget_type=\"button.default\">\n\t\t\t\t<div class=\"elementor-widget-container\">\n\t\t\t\t\t\t\t\t\t<div class=\"elementor-button-wrapper\">\n\t\t\t\t\t<a class=\"elementor-button elementor-button-link elementor-size-sm\" href=\"http:\/\/bgm-mannheim.de\/wp-content\/uploads\/2025\/07\/leitfaden-2023.pdf\">\n\t\t\t\t\t\t<span class=\"elementor-button-content-wrapper\">\n\t\t\t\t\t\t\t\t\t<span class=\"elementor-button-text\">Download<\/span>\n\t\t\t\t\t<\/span>\n\t\t\t\t\t<\/a>\n\t\t\t\t<\/div>\n\t\t\t\t\t\t\t\t<\/div>\n\t\t\t\t<\/div>\n\t\t\t\t\t<\/div>\n\t\t\t\t<\/div>\n\t\t\t\t<\/div>\n\t\t","protected":false},"excerpt":{"rendered":"<p>Gemeinsam stark Leitfaden f\u00fcr Ihren Einkauf im Blumengro\u00dfmarkt Mannheim Verehrte Kundin, verehrter Kunde, wir freuen uns, Sie in unserem Blumengro\u00dfmarkt Mannheim begr\u00fc\u00dfen zu d\u00fcrfen. Da wir Ihnen den Einkauf..<\/p>\n","protected":false},"author":1,"featured_media":0,"parent":0,"menu_order":0,"comment_status":"closed","ping_status":"closed","template":"","meta":{"footnotes":""},"class_list":["post-67511","page","type-page","status-publish","hentry"],"_links":{"self":[{"href":"https:\/\/bgm-mannheim.de\/index.php?rest_route=\/wp\/v2\/pages\/67511","targetHints":{"allow":["GET"]}}],"collection":[{"href":"https:\/\/bgm-mannheim.de\/index.php?rest_route=\/wp\/v2\/pages"}],"about":[{"href":"https:\/\/bgm-mannheim.de\/index.php?rest_route=\/wp\/v2\/types\/page"}],"author":[{"embeddable":true,"href":"https:\/\/bgm-mannheim.de\/index.php?rest_route=\/wp\/v2\/users\/1"}],"replies":[{"embeddable":true,"href":"https:\/\/bgm-mannheim.de\/index.php?rest_route=%2Fwp%2Fv2%2Fcomments&post=67511"}],"version-history":[{"count":10,"href":"https:\/\/bgm-mannheim.de\/index.php?rest_route=\/wp\/v2\/pages\/67511\/revisions"}],"predecessor-version":[{"id":67879,"href":"https:\/\/bgm-mannheim.de\/index.php?rest_route=\/wp\/v2\/pages\/67511\/revisions\/67879"}],"wp:attachment":[{"href":"https:\/\/bgm-mannheim.de\/index.php?rest_route=%2Fwp%2Fv2%2Fmedia&parent=67511"}],"curies":[{"name":"wp","href":"https:\/\/api.w.org\/{rel}","templated":true}]}}