{"id":67527,"date":"2025-07-17T13:49:40","date_gmt":"2025-07-17T11:49:40","guid":{"rendered":"http:\/\/beta.bgm-mannheim.de\/?page_id=67527"},"modified":"2026-02-18T13:02:27","modified_gmt":"2026-02-18T12:02:27","slug":"hallenplan","status":"publish","type":"page","link":"https:\/\/bgm-mannheim.de\/?page_id=67527","title":{"rendered":"HALLENPLAN"},"content":{"rendered":"\t\t<div data-elementor-type=\"wp-page\" data-elementor-id=\"67527\" class=\"elementor elementor-67527\">\n\t\t\t\t\t\t<section class=\"elementor-section elementor-top-section elementor-element elementor-element-63e92cf1 elementor-section-stretched elementor-section-boxed elementor-section-height-default elementor-section-height-default text-reveal-no\" data-id=\"63e92cf1\" data-element_type=\"section\" data-settings=\"{&quot;background_background&quot;:&quot;classic&quot;,&quot;stretch_section&quot;:&quot;section-stretched&quot;}\">\n\t\t\t\t\t\t<div class=\"elementor-container elementor-column-gap-default\">\n\t\t\t\t\t<div class=\"elementor-column elementor-col-50 elementor-top-column elementor-element elementor-element-26e81d5c\" data-id=\"26e81d5c\" data-element_type=\"column\" data-settings=\"{&quot;background_background&quot;:&quot;classic&quot;}\">\n\t\t\t<div class=\"elementor-widget-wrap elementor-element-populated\">\n\t\t\t\t\t\t<div class=\"elementor-element elementor-element-83e192 cea-align-left elementor-widget__width-initial cea-mobile-align-left elementor-widget elementor-widget-ceasectiontitle\" data-id=\"83e192\" data-element_type=\"widget\" data-widget_type=\"ceasectiontitle.default\">\n\t\t\t\t<div class=\"elementor-widget-container\">\n\t\t\t\t\t<div class=\"section-title-wrapper\"><div class=\"title-wrap\"><h6 class=\"sub-title\"><span class=\"subtitle-dots \" >Hier geht\u00b4s lang<\/span><\/h6><h2 class=\"section-title none\" data-animation=\"none\">Der Weg <span class=\"title-suffix\">lohnt sich <\/span><\/h2><\/div><!-- .title-wrap --><div class=\"section-description\"><\/div><!-- .section-description --><\/div><!-- .section-title-wrapper -->\t\t\t\t<\/div>\n\t\t\t\t<\/div>\n\t\t\t\t<div class=\"elementor-element elementor-element-58c78460 cea-view-default elementor-widget elementor-widget-ceafeaturebox\" data-id=\"58c78460\" data-element_type=\"widget\" data-widget_type=\"ceafeaturebox.default\">\n\t\t\t\t<div class=\"elementor-widget-container feature-box-wrapper feature-box-default\">\n\t\t\t<div class=\"media\"><div class=\"media-icon-part\"><figure class=\"cea-feature-box-img\"><img decoding=\"async\" src=\"https:\/\/bgm-mannheim.de\/wp-content\/uploads\/elementor\/thumbs\/shovels-1-1-r4u5v3z56zriyw34p26alum9rp0miutba61rslrwj8.png\" shovels shovels \/><\/figure><\/div><div class=\"media-body\"><h4 class=\"feature-box-title\">Der Blumengro\u00dfmarkt ist f\u00fcr sein vielf\u00e4ltiges und qualitativ hochwertiges Angebot bekannt.<\/h4><div class=\"fbox-content\"><h5>Unsere Anbieterstruktur - Ihr Einkaufsvorteil<\/h5>\n<p><\/p>\n<p>16 Topfpflanzen-, Kr\u00e4utererzeuger und - H\u00e4ndler\n<p>6 Schnittblumenerzeuger<\/p>\n<p>5 Schnittblumengro\u00dfh\u00e4ndler<\/p>\n<p>2 Baumschule- \/ Staudenanbieter<\/p>\n<p>1 Floristenbedarfsh\u00e4ndler<\/p>\n<p>1 Gartenbaubedarfsh\u00e4ndler<\/p>\n<p>1 Kranz- und Bindegr\u00fcnh\u00e4ndler<\/p>\n<p>1 Trockenblumenh\u00e4ndler<\/p>\n<p>1 Pflanzenschalen und Saisonfloristik-Anbieter<\/p>\n<p>1 Hydrokulturen-Anbieter<\/p>\n<p>2 Schleifendrucker<\/p>\n<p>1 Siegerkranz-Hersteller<\/p>\n<\/div><\/div><!-- .media-body --><\/div><!-- .media -->\t\t<\/div>\n\t\t\t\t<\/div>\n\t\t\t\t\t<\/div>\n\t\t<\/div>\n\t\t\t\t<div class=\"elementor-column elementor-col-50 elementor-top-column elementor-element elementor-element-32d4f4 bg-gradient elementor-hidden-mobile elementor-hidden-tablet\" data-id=\"32d4f4\" data-element_type=\"column\" data-settings=\"{&quot;background_background&quot;:&quot;classic&quot;}\">\n\t\t\t<div class=\"elementor-widget-wrap elementor-element-populated\">\n\t\t\t\t\t\t<div class=\"elementor-element elementor-element-46157484 elementor-hidden-mobile elementor-widget elementor-widget-image\" data-id=\"46157484\" data-element_type=\"widget\" data-widget_type=\"image.default\">\n\t\t\t\t<div class=\"elementor-widget-container\">\n\t\t\t\t\t\t\t\t\t\t\t\t\t\t\t<img decoding=\"async\" src=\"https:\/\/bgm-mannheim.de\/wp-content\/uploads\/elementor\/thumbs\/plan-titel-scaled-r8w2lko3ehftdz1x6cg2hiwsve4y8si0hbphj1phlk.webp\" title=\"plan-titel\" alt=\"plan-titel\" loading=\"lazy\" \/>\t\t\t\t\t\t\t\t\t\t\t\t\t\t\t<\/div>\n\t\t\t\t<\/div>\n\t\t\t\t\t<\/div>\n\t\t<\/div>\n\t\t\t\t\t<\/div>\n\t\t<\/section>\n\t\t<div class=\"elementor-element elementor-element-008a3cb e-flex e-con-boxed text-reveal-no e-con e-parent\" data-id=\"008a3cb\" data-element_type=\"container\">\n\t\t\t\t\t<div class=\"e-con-inner\">\n\t\t\t\t<div class=\"elementor-element elementor-element-5f793a2 elementor-widget elementor-widget-heading\" data-id=\"5f793a2\" data-element_type=\"widget\" data-widget_type=\"heading.default\">\n\t\t\t\t<div class=\"elementor-widget-container\">\n\t\t\t\t\t<h3 class=\"elementor-heading-title elementor-size-default\">Download<\/h3>\t\t\t\t<\/div>\n\t\t\t\t<\/div>\n\t\t\t\t\t<\/div>\n\t\t\t\t<\/div>\n\t\t<div class=\"elementor-element elementor-element-10507a8 e-flex e-con-boxed text-reveal-no e-con e-parent\" data-id=\"10507a8\" data-element_type=\"container\">\n\t\t\t\t\t<div class=\"e-con-inner\">\n\t\t<div class=\"elementor-element elementor-element-68a1c17 e-con-full e-flex text-reveal-no e-con e-child\" data-id=\"68a1c17\" data-element_type=\"container\">\n\t\t\t\t<div class=\"elementor-element elementor-element-08e87ac elementor-widget elementor-widget-heading\" data-id=\"08e87ac\" data-element_type=\"widget\" data-widget_type=\"heading.default\">\n\t\t\t\t<div class=\"elementor-widget-container\">\n\t\t\t\t\t<h5 class=\"elementor-heading-title elementor-size-default\">Anbieterverzeichnis<\/h5>\t\t\t\t<\/div>\n\t\t\t\t<\/div>\n\t\t\t\t<\/div>\n\t\t<div class=\"elementor-element elementor-element-7b6ee04 e-con-full e-flex text-reveal-no e-con e-child\" data-id=\"7b6ee04\" data-element_type=\"container\">\n\t\t\t\t<div class=\"elementor-element elementor-element-3031f94 elementor-widget elementor-widget-button\" data-id=\"3031f94\" data-element_type=\"widget\" data-widget_type=\"button.default\">\n\t\t\t\t<div class=\"elementor-widget-container\">\n\t\t\t\t\t\t\t\t\t<div class=\"elementor-button-wrapper\">\n\t\t\t\t\t<a class=\"elementor-button elementor-button-link elementor-size-sm\" href=\"https:\/\/bgm-mannheim.de\/wp-content\/uploads\/2026\/02\/Anbieterverzeichnis_3_2026.pdf\">\n\t\t\t\t\t\t<span class=\"elementor-button-content-wrapper\">\n\t\t\t\t\t\t\t\t\t<span class=\"elementor-button-text\">Download<\/span>\n\t\t\t\t\t<\/span>\n\t\t\t\t\t<\/a>\n\t\t\t\t<\/div>\n\t\t\t\t\t\t\t\t<\/div>\n\t\t\t\t<\/div>\n\t\t\t\t<\/div>\n\t\t\t\t\t<\/div>\n\t\t\t\t<\/div>\n\t\t<div class=\"elementor-element elementor-element-4122862 e-flex e-con-boxed text-reveal-no e-con e-parent\" data-id=\"4122862\" data-element_type=\"container\">\n\t\t\t\t\t<div class=\"e-con-inner\">\n\t\t<div class=\"elementor-element elementor-element-8b3bf86 e-con-full e-flex text-reveal-no e-con e-child\" data-id=\"8b3bf86\" data-element_type=\"container\">\n\t\t\t\t<div class=\"elementor-element elementor-element-18a0277 elementor-widget elementor-widget-heading\" data-id=\"18a0277\" data-element_type=\"widget\" data-widget_type=\"heading.default\">\n\t\t\t\t<div class=\"elementor-widget-container\">\n\t\t\t\t\t<h5 class=\"elementor-heading-title elementor-size-default\">Hallenplan<\/h5>\t\t\t\t<\/div>\n\t\t\t\t<\/div>\n\t\t\t\t<\/div>\n\t\t<div class=\"elementor-element elementor-element-627f094 e-con-full e-flex text-reveal-no e-con e-child\" data-id=\"627f094\" data-element_type=\"container\">\n\t\t\t\t<div class=\"elementor-element elementor-element-f79e9a8 elementor-widget elementor-widget-button\" data-id=\"f79e9a8\" data-element_type=\"widget\" data-widget_type=\"button.default\">\n\t\t\t\t<div class=\"elementor-widget-container\">\n\t\t\t\t\t\t\t\t\t<div class=\"elementor-button-wrapper\">\n\t\t\t\t\t<a class=\"elementor-button elementor-button-link elementor-size-sm\" href=\"https:\/\/bgm-mannheim.de\/wp-content\/uploads\/2026\/02\/Standplan-ab3_2026.pdf\">\n\t\t\t\t\t\t<span class=\"elementor-button-content-wrapper\">\n\t\t\t\t\t\t\t\t\t<span class=\"elementor-button-text\">Download<\/span>\n\t\t\t\t\t<\/span>\n\t\t\t\t\t<\/a>\n\t\t\t\t<\/div>\n\t\t\t\t\t\t\t\t<\/div>\n\t\t\t\t<\/div>\n\t\t\t\t<\/div>\n\t\t\t\t\t<\/div>\n\t\t\t\t<\/div>\n\t\t\t\t<\/div>\n\t\t","protected":false},"excerpt":{"rendered":"<p>Hier geht\u00b4s lang Der Weg lohnt sich Der Blumengro\u00dfmarkt ist f\u00fcr sein vielf\u00e4ltiges und qualitativ hochwertiges Angebot bekannt. Unsere Anbieterstruktur &#8211; Ihr Einkaufsvorteil 16 Topfpflanzen-, Kr\u00e4utererzeuger und &#8211; H\u00e4ndler..<\/p>\n","protected":false},"author":1,"featured_media":0,"parent":0,"menu_order":0,"comment_status":"closed","ping_status":"closed","template":"","meta":{"footnotes":""},"class_list":["post-67527","page","type-page","status-publish","hentry"],"_links":{"self":[{"href":"https:\/\/bgm-mannheim.de\/index.php?rest_route=\/wp\/v2\/pages\/67527","targetHints":{"allow":["GET"]}}],"collection":[{"href":"https:\/\/bgm-mannheim.de\/index.php?rest_route=\/wp\/v2\/pages"}],"about":[{"href":"https:\/\/bgm-mannheim.de\/index.php?rest_route=\/wp\/v2\/types\/page"}],"author":[{"embeddable":true,"href":"https:\/\/bgm-mannheim.de\/index.php?rest_route=\/wp\/v2\/users\/1"}],"replies":[{"embeddable":true,"href":"https:\/\/bgm-mannheim.de\/index.php?rest_route=%2Fwp%2Fv2%2Fcomments&post=67527"}],"version-history":[{"count":11,"href":"https:\/\/bgm-mannheim.de\/index.php?rest_route=\/wp\/v2\/pages\/67527\/revisions"}],"predecessor-version":[{"id":68252,"href":"https:\/\/bgm-mannheim.de\/index.php?rest_route=\/wp\/v2\/pages\/67527\/revisions\/68252"}],"wp:attachment":[{"href":"https:\/\/bgm-mannheim.de\/index.php?rest_route=%2Fwp%2Fv2%2Fmedia&parent=67527"}],"curies":[{"name":"wp","href":"https:\/\/api.w.org\/{rel}","templated":true}]}}