{"id":67782,"date":"2025-08-27T13:08:56","date_gmt":"2025-08-27T11:08:56","guid":{"rendered":"https:\/\/bgm-mannheim.de\/?page_id=67782"},"modified":"2025-09-26T09:01:00","modified_gmt":"2025-09-26T07:01:00","slug":"kontakt-anfahrt","status":"publish","type":"page","link":"https:\/\/bgm-mannheim.de\/?page_id=67782","title":{"rendered":"KONTAKT\/ANFAHRT"},"content":{"rendered":"\t\t<div data-elementor-type=\"wp-page\" data-elementor-id=\"67782\" class=\"elementor elementor-67782\">\n\t\t\t\t\t\t<section class=\"elementor-section elementor-top-section elementor-element elementor-element-63e92cf1 elementor-section-stretched elementor-section-boxed elementor-section-height-default elementor-section-height-default text-reveal-no\" data-id=\"63e92cf1\" data-element_type=\"section\" data-settings=\"{&quot;background_background&quot;:&quot;classic&quot;,&quot;stretch_section&quot;:&quot;section-stretched&quot;}\">\n\t\t\t\t\t\t<div class=\"elementor-container elementor-column-gap-default\">\n\t\t\t\t\t<div class=\"elementor-column elementor-col-50 elementor-top-column elementor-element elementor-element-a4a2e35\" data-id=\"a4a2e35\" data-element_type=\"column\" data-settings=\"{&quot;background_background&quot;:&quot;classic&quot;}\">\n\t\t\t<div class=\"elementor-widget-wrap elementor-element-populated\">\n\t\t\t\t\t\t<div class=\"elementor-element elementor-element-76f94b7 cea-align-left elementor-widget__width-initial cea-mobile-align-left elementor-widget elementor-widget-ceasectiontitle\" data-id=\"76f94b7\" data-element_type=\"widget\" data-widget_type=\"ceasectiontitle.default\">\n\t\t\t\t<div class=\"elementor-widget-container\">\n\t\t\t\t\t<div class=\"section-title-wrapper\"><div class=\"title-wrap\"><h6 class=\"sub-title\"><span class=\"subtitle-dots \" >Ihr Kontakt zu uns<\/span><\/h6><h2 class=\"section-title none\" data-animation=\"none\">Kontakt<\/h2><\/div><!-- .title-wrap --><div class=\"section-description\"><\/div><!-- .section-description --><\/div><!-- .section-title-wrapper -->\t\t\t\t<\/div>\n\t\t\t\t<\/div>\n\t\t\t\t<div class=\"elementor-element elementor-element-d77e717 elementor-widget elementor-widget-text-editor\" data-id=\"d77e717\" data-element_type=\"widget\" data-widget_type=\"text-editor.default\">\n\t\t\t\t<div class=\"elementor-widget-container\">\n\t\t\t\t\t\t\t\t\t<p><strong>Blumengro\u00dfmarkt e.G. Mannheim<\/strong><br \/>Gottlieb-Daimler-Str. 14<br \/>68165 Mannheim<br \/>Telefon: 0621 436100<br \/>Telefax: 0621 4361020<br \/>E-Mail: <a href=\"mailto:info@bgm-mannheim.de\">info@bgm-mannheim.de<\/a><\/p><div class=\"widget widget_block widget_text\"><div class=\"widget-content\"><p><strong>Montag, Dienstag, Donnerstag und Freitag<\/strong><br \/>von 05.00 bis 09.00 Uhr<\/p><p><strong>\u00d6ffnungszeiten Marktb\u00fcro<\/strong><br \/>Von Montag bis Freitag von 6.00 bis 12.00 Uhr<\/p><\/div><\/div><div class=\"widget widget_block widget_text\"><div class=\"widget-content\"><p><strong>Mittwoch und Samstag<\/strong><br \/>sind unsere Schnittblumen- und Kranzgr\u00fcnh\u00e4ndler, sowie einige Topfblumenanbieter von 05.00 bis 09.00 Uhr f\u00fcr die Kunden da.<\/p><\/div><\/div>\t\t\t\t\t\t\t\t<\/div>\n\t\t\t\t<\/div>\n\t\t\t\t\t<\/div>\n\t\t<\/div>\n\t\t\t\t<div class=\"elementor-column elementor-col-50 elementor-top-column elementor-element elementor-element-32d4f4 bg-gradient elementor-hidden-mobile elementor-hidden-tablet\" data-id=\"32d4f4\" data-element_type=\"column\" data-settings=\"{&quot;background_background&quot;:&quot;classic&quot;}\">\n\t\t\t<div class=\"elementor-widget-wrap elementor-element-populated\">\n\t\t\t\t\t\t<div class=\"elementor-element elementor-element-46157484 elementor-hidden-mobile elementor-widget elementor-widget-image\" data-id=\"46157484\" data-element_type=\"widget\" data-widget_type=\"image.default\">\n\t\t\t\t<div class=\"elementor-widget-container\">\n\t\t\t\t\t\t\t\t\t\t\t\t\t\t\t<img decoding=\"async\" src=\"https:\/\/bgm-mannheim.de\/wp-content\/uploads\/elementor\/thumbs\/ansprechpartner-titel-scaled-r8vy6vl1jg7181khuqxmikl6bgc0oghgnukan90c48.webp\" title=\"ansprechpartner-titel\" alt=\"ansprechpartner-titel\" loading=\"lazy\" \/>\t\t\t\t\t\t\t\t\t\t\t\t\t\t\t<\/div>\n\t\t\t\t<\/div>\n\t\t\t\t\t<\/div>\n\t\t<\/div>\n\t\t\t\t\t<\/div>\n\t\t<\/section>\n\t\t<div class=\"elementor-element elementor-element-23527cd e-flex e-con-boxed text-reveal-no e-con e-parent\" data-id=\"23527cd\" data-element_type=\"container\">\n\t\t\t\t\t<div class=\"e-con-inner\">\n\t\t\t\t<div class=\"elementor-element elementor-element-881a523 cea-align-left elementor-widget__width-initial cea-mobile-align-left elementor-widget elementor-widget-ceasectiontitle\" data-id=\"881a523\" data-element_type=\"widget\" data-widget_type=\"ceasectiontitle.default\">\n\t\t\t\t<div class=\"elementor-widget-container\">\n\t\t\t\t\t<div class=\"section-title-wrapper\"><div class=\"title-wrap\"><h6 class=\"sub-title\"><span class=\"subtitle-dots \" >Ihr Weg zu uns<\/span><\/h6><h2 class=\"section-title none\" data-animation=\"none\">Anfahrt<\/h2><\/div><!-- .title-wrap --><div class=\"section-description\"><\/div><!-- .section-description --><\/div><!-- .section-title-wrapper -->\t\t\t\t<\/div>\n\t\t\t\t<\/div>\n\t\t\t\t<div class=\"elementor-element elementor-element-9ce9e73 elementor-widget elementor-widget-google_maps\" data-id=\"9ce9e73\" data-element_type=\"widget\" data-widget_type=\"google_maps.default\">\n\t\t\t\t<div class=\"elementor-widget-container\">\n\t\t\t\t\t\t\t<div class=\"elementor-custom-embed\">\n\t\t\t<iframe loading=\"lazy\"\n\t\t\t\t\tsrc=\"https:\/\/maps.google.com\/maps?q=Blumengro%C3%9Fmarkt%20e.G.%20Mannheim%20Gottlieb-Daimler-Str.%2014%2068165%20Mannheim&#038;t=m&#038;z=10&#038;output=embed&#038;iwloc=near\"\n\t\t\t\t\ttitle=\"Blumengro\u00dfmarkt e.G. Mannheim Gottlieb-Daimler-Str. 14 68165 Mannheim\"\n\t\t\t\t\taria-label=\"Blumengro\u00dfmarkt e.G. Mannheim Gottlieb-Daimler-Str. 14 68165 Mannheim\"\n\t\t\t><\/iframe>\n\t\t<\/div>\n\t\t\t\t\t\t<\/div>\n\t\t\t\t<\/div>\n\t\t\t\t\t<\/div>\n\t\t\t\t<\/div>\n\t\t\t\t<\/div>\n\t\t","protected":false},"excerpt":{"rendered":"<p>Ihr Kontakt zu uns Kontakt Blumengro\u00dfmarkt e.G. MannheimGottlieb-Daimler-Str. 1468165 MannheimTelefon: 0621 436100Telefax: 0621 4361020E-Mail: info@bgm-mannheim.de Montag, Dienstag, Donnerstag und Freitagvon 05.00 bis 09.00 Uhr \u00d6ffnungszeiten Marktb\u00fcroVon Montag bis Freitag..<\/p>\n","protected":false},"author":1,"featured_media":0,"parent":0,"menu_order":0,"comment_status":"closed","ping_status":"closed","template":"","meta":{"footnotes":""},"class_list":["post-67782","page","type-page","status-publish","hentry"],"_links":{"self":[{"href":"https:\/\/bgm-mannheim.de\/index.php?rest_route=\/wp\/v2\/pages\/67782","targetHints":{"allow":["GET"]}}],"collection":[{"href":"https:\/\/bgm-mannheim.de\/index.php?rest_route=\/wp\/v2\/pages"}],"about":[{"href":"https:\/\/bgm-mannheim.de\/index.php?rest_route=\/wp\/v2\/types\/page"}],"author":[{"embeddable":true,"href":"https:\/\/bgm-mannheim.de\/index.php?rest_route=\/wp\/v2\/users\/1"}],"replies":[{"embeddable":true,"href":"https:\/\/bgm-mannheim.de\/index.php?rest_route=%2Fwp%2Fv2%2Fcomments&post=67782"}],"version-history":[{"count":10,"href":"https:\/\/bgm-mannheim.de\/index.php?rest_route=\/wp\/v2\/pages\/67782\/revisions"}],"predecessor-version":[{"id":68123,"href":"https:\/\/bgm-mannheim.de\/index.php?rest_route=\/wp\/v2\/pages\/67782\/revisions\/68123"}],"wp:attachment":[{"href":"https:\/\/bgm-mannheim.de\/index.php?rest_route=%2Fwp%2Fv2%2Fmedia&parent=67782"}],"curies":[{"name":"wp","href":"https:\/\/api.w.org\/{rel}","templated":true}]}}